{"id":2276,"date":"2022-08-31T13:03:23","date_gmt":"2022-08-31T11:03:23","guid":{"rendered":"https:\/\/dananderssonveckan.com\/muistokivet\/no-9-10-omkring-tiggarn-fran-luossa\/"},"modified":"2024-04-05T19:21:49","modified_gmt":"2024-04-05T17:21:49","slug":"no-9-10-omkring-tiggarn-fran-luossa","status":"publish","type":"page","link":"https:\/\/dananderssonveckan.com\/fi\/muistokivet\/no-9-10-omkring-tiggarn-fran-luossa\/","title":{"rendered":"n:o 9 &#038; 10. Ymp\u00e4rill\u00e4 kerj\u00e4l\u00e4isen"},"content":{"rendered":"<p>[et_pb_section fb_built=&#8221;1&#8243; _builder_version=&#8221;4.18.0&#8243; _module_preset=&#8221;default&#8221; background_color=&#8221;#a5a5a5&#8243; background_image=&#8221;https:\/\/dananderssonveckan.com\/wp-content\/uploads\/2022\/08\/omkringtiggarn.jpg&#8221; background_blend=&#8221;multiply&#8221; global_colors_info=&#8221;{}&#8221;][et_pb_row _builder_version=&#8221;4.16&#8243; _module_preset=&#8221;default&#8221; global_colors_info=&#8221;{}&#8221;][et_pb_column type=&#8221;4_4&#8243; _builder_version=&#8221;4.16&#8243; _module_preset=&#8221;default&#8221; global_colors_info=&#8221;{}&#8221;][et_pb_text _builder_version=&#8221;4.17.4&#8243; _dynamic_attributes=&#8221;content&#8221; text_font=&#8221;EB Garamond||on||||||&#8221; text_font_size=&#8221;40px&#8221; header_font_size=&#8221;40px&#8221; header_line_height=&#8221;1.4em&#8221; text_orientation=&#8221;center&#8221; background_layout=&#8221;dark&#8221; max_width=&#8221;700px&#8221; module_alignment=&#8221;center&#8221; text_line_height_tablet=&#8221;1.4em&#8221; text_line_height_phone=&#8221;1.1em&#8221; text_line_height_last_edited=&#8221;on|phone&#8221; header_font_size_tablet=&#8221;&#8221; header_font_size_phone=&#8221;28px&#8221; header_font_size_last_edited=&#8221;on|desktop&#8221; locked=&#8221;off&#8221; global_colors_info=&#8221;{}&#8221;]@ET-DC@eyJkeW5hbWljIjp0cnVlLCJjb250ZW50IjoicG9zdF90aXRsZSIsInNldHRpbmdzIjp7ImJlZm9yZSI6IiIsImFmdGVyIjoiIn19@[\/et_pb_text][\/et_pb_column][\/et_pb_row][\/et_pb_section][et_pb_section fb_built=&#8221;1&#8243; _builder_version=&#8221;4.17.4&#8243; _module_preset=&#8221;default&#8221; background_enable_color=&#8221;off&#8221; global_colors_info=&#8221;{}&#8221;][et_pb_row column_structure=&#8221;3_5,2_5&#8243; _builder_version=&#8221;4.16&#8243; _module_preset=&#8221;default&#8221; global_colors_info=&#8221;{}&#8221;][et_pb_column type=&#8221;3_5&#8243; _builder_version=&#8221;4.16&#8243; _module_preset=&#8221;default&#8221; global_colors_info=&#8221;{}&#8221;][et_pb_text _builder_version=&#8221;4.24.3&#8243; text_font=&#8221;EB Garamond||on||||||&#8221; text_text_color=&#8221;#000000&#8243; text_font_size=&#8221;30px&#8221; header_font_size=&#8221;26px&#8221; header_line_height=&#8221;1.4em&#8221; header_6_font_size=&#8221;10px&#8221; header_6_line_height=&#8221;1.5em&#8221; background_enable_color=&#8221;off&#8221; module_alignment=&#8221;center&#8221; custom_padding=&#8221;0px|10px|0px|10px|false|false&#8221; hover_enabled=&#8221;0&#8243; text_font_size_tablet=&#8221;24px&#8221; text_font_size_phone=&#8221;16px&#8221; text_font_size_last_edited=&#8221;on|phone&#8221; border_radii=&#8221;on|15px|15px|15px|15px&#8221; locked=&#8221;off&#8221; global_colors_info=&#8221;{}&#8221; text_line_height=&#8221;1.5em&#8221; sticky_enabled=&#8221;0&#8243;]<\/p>\n<p><span style=\"background-color: #e3e3e3;\">Ymp\u00e4rill\u00e4 kerj\u00e4l\u00e4isen leiritulen istui v\u00e4ki<br \/>haltioissaan kuunnellessaan lauluaan.<\/span><br \/>Mieron tien ja kulkumiehet melkein edess\u00e4ns\u00e4 n\u00e4ki,<br \/>kaihoaan kun purki y\u00f6h\u00f6n tummuvaan:<\/p>\n<p>\u201d<span style=\"background-color: #e3e3e3;\">Jotain takana on vuorten<\/span>, kukkien ja laulelmien,<br \/>t\u00e4htien ja syd\u00e4meni palavan.<br \/>Kuulkaa \u2014 jokin kulkee, kuiskii, jokin houkuttaa ja pyyt\u00e4\u00e4:<br \/>T\u00e4nne k\u00e4y, et kuulu v\u00e4keen maailman!<\/p>\n<p>Olen kuullut vaimeana rantakiveen ly\u00f6v\u00e4n laineen,<br \/>haaveksinut, kuinka meri rauhoittuu.<br \/>Henkivoima kannatteli minut tuolle puolen aineen,<br \/>rakkain mik\u00e4 on pian siell\u00e4 unohtuu.<\/p>\n<p>On ikikaipuun villin meihin kalvas \u00e4iti juurruttanut,<br \/>ensi kirkaisuumme tuskan raastavan.<br \/>Kallioilla, tasangoilla temmelt\u00e4en esitimme<br \/>osaa hirven, leijonan ja jumalan.<\/p>\n<p>Hiljaa istuin huoneessamme kanssa valittuni minun,<br \/>hellin k\u00e4sin kodiksi sen laitteli,<br \/>kuulin syd\u00e4meni huudon: omasi ei ole sinun,<br \/>henki minut syrj\u00e4\u00e4n rauhaan saatteli.<\/p>\n<p>Kohde rakkauden on k\u00e4tkettyn\u00e4 kaukoh\u00e4myss\u00e4,<br \/>suoraa tiet\u00e4 kuljen sinne ihanaa.<br \/>Melskeen keskelt\u00e4 nyt anon Herraltani n\u00f6yr\u00e4n\u00e4:<br \/>\u2019Vie pois maa, muun tahdon yksin omistaa!\u2019<\/p>\n<p>Seuraa, veli, vuorten taakse, rantaan virran viile\u00e4\u00e4n,<br \/>jo meri kivikehtoon uupuu rauhaisaan.<br \/>Taivaanlaen tuolla puolen kotini ja \u00e4idin n\u00e4\u00e4n<br \/>kultausvaisessa ruusuviitassaan.<\/p>\n<p>Viilent\u00e4k\u00f6\u00f6n poskiemme kuumeen suolavesi musta,<br \/>tuonpuoleisessa meille kohta aamu on!<br \/>En t\u00e4st\u00e4 maailmasta ollut, on siksi helpotusta<br \/>lemmentuskaan saada aivan mahdoton.<\/p>\n<p>N\u00e4kinkenk\u00e4in kirjomalla rannalla on ruusuportti,<br \/>takanaan laivanhylyt, miehet levon saa.<br \/>T\u00e4nne kuulumattomina soivat siell\u00e4 viulut, laulut,<br \/>autuaat, ikinuoret lapset asustaa.\u201d<\/p>\n<p>[\/et_pb_text][\/et_pb_column][et_pb_column type=&#8221;2_5&#8243; _builder_version=&#8221;4.16&#8243; _module_preset=&#8221;default&#8221; global_colors_info=&#8221;{}&#8221;][et_pb_blurb title=&#8221;Ta mig till minnesstenen&#8221; use_icon=&#8221;on&#8221; font_icon=&#8221;&#xe01f;||divi||400&#8243; icon_color=&#8221;#FFFFFF&#8221; image_icon_background_color=&#8221;#E09900&#8243; icon_placement=&#8221;left&#8221; image_icon_width=&#8221;24px&#8221; _builder_version=&#8221;4.18.0&#8243; _module_preset=&#8221;default&#8221; header_font=&#8221;|700|||||||&#8221; header_font_size=&#8221;16px&#8221; body_font_size=&#8221;14px&#8221; body_line_height=&#8221;1em&#8221; image_icon_custom_padding=&#8221;8px|8px|8px|8px|false|false&#8221; animation=&#8221;off&#8221; link_option_url=&#8221;https:\/\/goo.gl\/maps\/hutZ69E5r3TTvxJU6&#8243; link_option_url_new_window=&#8221;on&#8221; border_radii_image=&#8221;on|100%|100%|100%|100%&#8221; icon_font_size=&#8221;24px&#8221; use_circle=&#8221;on&#8221; circle_color=&#8221;#E09900&#8243; locked=&#8221;off&#8221; global_colors_info=&#8221;{}&#8221; image_icon_background_color__sticky_enabled=&#8221;#1c1c1c&#8221; image_icon_background_color__sticky=&#8221;#1c1c1c&#8221;]<\/p>\n<p>Google maps<\/p>\n<p>[\/et_pb_blurb][et_pb_audio audio=&#8221;https:\/\/dananderssonveckan.com\/wp-content\/uploads\/2022\/09\/Tiggarn-Luossa.mp3&#8243; title=&#8221;Omkring tiggarn fr\u00e5n Luossa&#8221; artist_name=&#8221;Jimmy Ginsby&#8221; album_name=&#8221;Minnesstenar, Jimmy Ginsby l\u00e4ser Dan Andersson&#8221; image_url=&#8221;https:\/\/dananderssonveckan.com\/wp-content\/uploads\/2022\/12\/jimmyginsby_laser-1024&#215;682.jpg&#8221; _builder_version=&#8221;4.19.4&#8243; _module_preset=&#8221;default&#8221; title_font=&#8221;|600|||||||&#8221; locked=&#8221;off&#8221; global_colors_info=&#8221;{}&#8221;][\/et_pb_audio][et_pb_image src=&#8221;https:\/\/dananderssonveckan.com\/wp-content\/uploads\/2022\/12\/omkringtiggarn.jpg&#8221; title_text=&#8221;omkringtiggarn&#8221; show_in_lightbox=&#8221;on&#8221; _builder_version=&#8221;4.19.4&#8243; _module_preset=&#8221;default&#8221; global_colors_info=&#8221;{}&#8221;][\/et_pb_image][et_pb_image src=&#8221;https:\/\/dananderssonveckan.com\/wp-content\/uploads\/2022\/12\/detarnagot.jpg&#8221; title_text=&#8221;detarnagot&#8221; show_in_lightbox=&#8221;on&#8221; _builder_version=&#8221;4.19.4&#8243; _module_preset=&#8221;default&#8221; global_colors_info=&#8221;{}&#8221;][\/et_pb_image][et_pb_video src=&#8221;https:\/\/youtu.be\/mVyvXs3ttuA&#8221; _builder_version=&#8221;4.18.0&#8243; _module_preset=&#8221;default&#8221; global_colors_info=&#8221;{}&#8221;][\/et_pb_video][et_pb_video src=&#8221;https:\/\/youtu.be\/frhTmJ1OH2U&#8221; _builder_version=&#8221;4.18.0&#8243; _module_preset=&#8221;default&#8221; global_colors_info=&#8221;{}&#8221;][\/et_pb_video][et_pb_code _builder_version=&#8221;4.18.0&#8243; _module_preset=&#8221;default&#8221; global_colors_info=&#8221;{}&#8221;]<iframe loading=\"lazy\" width=\"100%\" height=\"300\" scrolling=\"no\" frameborder=\"no\" allow=\"autoplay\" src=\"https:\/\/w.soundcloud.com\/player\/?url=https%3A\/\/api.soundcloud.com\/tracks\/705193213&#038;color=%23ff5500&#038;auto_play=false&#038;hide_related=false&#038;show_comments=true&#038;show_user=true&#038;show_reposts=false&#038;show_teaser=true&#038;visual=true\"><\/iframe><\/p>\n<div style=\"font-size: 10px; color: #cccccc;line-break: anywhere;word-break: normal;overflow: hidden;white-space: nowrap;text-overflow: ellipsis; font-family: Interstate,Lucida Grande,Lucida Sans Unicode,Lucida Sans,Garuda,Verdana,Tahoma,sans-serif;font-weight: 100;\"><a href=\"https:\/\/soundcloud.com\/parsorman\" title=\"P\u00e4r S\u00f6rman\" target=\"_blank\" style=\"color: #cccccc; text-decoration: none;\" rel=\"noopener\">P\u00e4r S\u00f6rman<\/a> \u00b7 <a href=\"https:\/\/soundcloud.com\/parsorman\/omkring-tiggarn-fran-luossa\" title=\"Omkring tiggar'n fr\u00e5n Luossa\" target=\"_blank\" style=\"color: #cccccc; text-decoration: none;\" rel=\"noopener\">Omkring tiggar&#8217;n fr\u00e5n Luossa<\/a><\/div>\n<p>[\/et_pb_code][\/et_pb_column][\/et_pb_row][et_pb_row _builder_version=&#8221;4.17.4&#8243; _module_preset=&#8221;default&#8221; global_colors_info=&#8221;{}&#8221;][et_pb_column type=&#8221;4_4&#8243; _builder_version=&#8221;4.17.4&#8243; _module_preset=&#8221;default&#8221; global_colors_info=&#8221;{}&#8221;][et_pb_text _builder_version=&#8221;4.20.2&#8243; _module_preset=&#8221;default&#8221; text_font=&#8221;|||on|||||&#8221; text_font_size_tablet=&#8221;&#8221; text_font_size_phone=&#8221;11px&#8221; text_font_size_last_edited=&#8221;on|phone&#8221; global_colors_info=&#8221;{}&#8221;]<\/p>\n<p>DAN ANDERSSON, MUSTIA BALLADEJA 1917<br \/>K\u00e4\u00e4nn\u00f6s suomeksi Tarmo Haarala<\/p>\n<p>[\/et_pb_text][\/et_pb_column][\/et_pb_row][et_pb_row _builder_version=&#8221;4.18.0&#8243; _module_preset=&#8221;default&#8221; locked=&#8221;off&#8221; global_colors_info=&#8221;{}&#8221;][et_pb_column type=&#8221;4_4&#8243; _builder_version=&#8221;4.18.0&#8243; _module_preset=&#8221;default&#8221; global_colors_info=&#8221;{}&#8221;][et_pb_button button_url=&#8221;@ET-DC@eyJkeW5hbWljIjp0cnVlLCJjb250ZW50IjoicG9zdF9saW5rX3VybF9wYWdlIiwic2V0dGluZ3MiOnsicG9zdF9pZCI6IjEzNTgifX0=@&#8221; button_text=&#8221;Muistokivet&#8221; button_alignment=&#8221;center&#8221; _builder_version=&#8221;4.18.0&#8243; _dynamic_attributes=&#8221;button_url&#8221; _module_preset=&#8221;default&#8221; custom_button=&#8221;on&#8221; button_text_color=&#8221;#000000&#8243; global_colors_info=&#8221;{}&#8221;][\/et_pb_button][\/et_pb_column][\/et_pb_row][\/et_pb_section]<\/p>\n","protected":false},"excerpt":{"rendered":"<p>Ymp\u00e4rill\u00e4 kerj\u00e4l\u00e4isen leiritulen istui v\u00e4kihaltioissaan kuunnellessaan lauluaan.Mieron tien ja kulkumiehet melkein edess\u00e4ns\u00e4 n\u00e4ki,kaihoaan kun purki y\u00f6h\u00f6n tummuvaan: \u201dJotain takana on vuorten, kukkien ja laulelmien,t\u00e4htien ja syd\u00e4meni palavan.Kuulkaa \u2014 jokin kulkee, kuiskii, jokin houkuttaa ja pyyt\u00e4\u00e4:T\u00e4nne k\u00e4y, et kuulu v\u00e4keen maailman! Olen kuullut vaimeana rantakiveen ly\u00f6v\u00e4n laineen,haaveksinut, kuinka meri rauhoittuu.Henkivoima kannatteli minut tuolle puolen aineen,rakkain mik\u00e4 [&hellip;]<\/p>\n","protected":false},"author":1,"featured_media":0,"parent":2119,"menu_order":0,"comment_status":"closed","ping_status":"closed","template":"","meta":{"_et_pb_use_builder":"on","_et_pb_old_content":"","_et_gb_content_width":"","inline_featured_image":false,"footnotes":""},"class_list":["post-2276","page","type-page","status-publish","hentry"],"yoast_head":"<!-- This site is optimized with the Yoast SEO plugin v27.2 - https:\/\/yoast.com\/product\/yoast-seo-wordpress\/ -->\n<title>n:o 9 &amp; 10. Ymp\u00e4rill\u00e4 kerj\u00e4l\u00e4isen - Dan Anderssonveckan<\/title>\n<meta name=\"robots\" content=\"index, follow, max-snippet:-1, max-image-preview:large, max-video-preview:-1\" \/>\n<link rel=\"canonical\" href=\"https:\/\/dananderssonveckan.com\/fi\/muistokivet\/no-9-10-omkring-tiggarn-fran-luossa\/\" \/>\n<meta property=\"og:locale\" content=\"fi_FI\" \/>\n<meta property=\"og:type\" content=\"article\" \/>\n<meta property=\"og:title\" content=\"n:o 9 &amp; 10. Ymp\u00e4rill\u00e4 kerj\u00e4l\u00e4isen - Dan Anderssonveckan\" \/>\n<meta property=\"og:description\" content=\"Ymp\u00e4rill\u00e4 kerj\u00e4l\u00e4isen leiritulen istui v\u00e4kihaltioissaan kuunnellessaan lauluaan.Mieron tien ja kulkumiehet melkein edess\u00e4ns\u00e4 n\u00e4ki,kaihoaan kun purki y\u00f6h\u00f6n tummuvaan: \u201dJotain takana on vuorten, kukkien ja laulelmien,t\u00e4htien ja syd\u00e4meni palavan.Kuulkaa \u2014 jokin kulkee, kuiskii, jokin houkuttaa ja pyyt\u00e4\u00e4:T\u00e4nne k\u00e4y, et kuulu v\u00e4keen maailman! Olen kuullut vaimeana rantakiveen ly\u00f6v\u00e4n laineen,haaveksinut, kuinka meri rauhoittuu.Henkivoima kannatteli minut tuolle puolen aineen,rakkain mik\u00e4 [&hellip;]\" \/>\n<meta property=\"og:url\" content=\"https:\/\/dananderssonveckan.com\/fi\/muistokivet\/no-9-10-omkring-tiggarn-fran-luossa\/\" \/>\n<meta property=\"og:site_name\" content=\"Dan Anderssonveckan\" \/>\n<meta property=\"article:modified_time\" content=\"2024-04-05T17:21:49+00:00\" \/>\n<meta name=\"twitter:card\" content=\"summary_large_image\" \/>\n<meta name=\"twitter:label1\" content=\"Arvioitu lukuaika\" \/>\n\t<meta name=\"twitter:data1\" content=\"5 minuuttia\" \/>\n<script type=\"application\/ld+json\" class=\"yoast-schema-graph\">{\"@context\":\"https:\/\/schema.org\",\"@graph\":[{\"@type\":\"WebPage\",\"@id\":\"https:\/\/dananderssonveckan.com\/fi\/muistokivet\/no-9-10-omkring-tiggarn-fran-luossa\/\",\"url\":\"https:\/\/dananderssonveckan.com\/fi\/muistokivet\/no-9-10-omkring-tiggarn-fran-luossa\/\",\"name\":\"n:o 9 & 10. Ymp\u00e4rill\u00e4 kerj\u00e4l\u00e4isen - Dan Anderssonveckan\",\"isPartOf\":{\"@id\":\"https:\/\/dananderssonveckan.com\/#website\"},\"datePublished\":\"2022-08-31T11:03:23+00:00\",\"dateModified\":\"2024-04-05T17:21:49+00:00\",\"breadcrumb\":{\"@id\":\"https:\/\/dananderssonveckan.com\/fi\/muistokivet\/no-9-10-omkring-tiggarn-fran-luossa\/#breadcrumb\"},\"inLanguage\":\"fi\",\"potentialAction\":[{\"@type\":\"ReadAction\",\"target\":[\"https:\/\/dananderssonveckan.com\/fi\/muistokivet\/no-9-10-omkring-tiggarn-fran-luossa\/\"]}]},{\"@type\":\"BreadcrumbList\",\"@id\":\"https:\/\/dananderssonveckan.com\/fi\/muistokivet\/no-9-10-omkring-tiggarn-fran-luossa\/#breadcrumb\",\"itemListElement\":[{\"@type\":\"ListItem\",\"position\":1,\"name\":\"Home\",\"item\":\"https:\/\/dananderssonveckan.com\/\"},{\"@type\":\"ListItem\",\"position\":2,\"name\":\"Muistokivet\",\"item\":\"https:\/\/dananderssonveckan.com\/fi\/muistokivet\/\"},{\"@type\":\"ListItem\",\"position\":3,\"name\":\"n:o 9 &#038; 10. Ymp\u00e4rill\u00e4 kerj\u00e4l\u00e4isen\"}]},{\"@type\":\"WebSite\",\"@id\":\"https:\/\/dananderssonveckan.com\/#website\",\"url\":\"https:\/\/dananderssonveckan.com\/\",\"name\":\"Dan Anderssonveckan\",\"description\":\"Kulturdagar i Ludvikabygden\",\"potentialAction\":[{\"@type\":\"SearchAction\",\"target\":{\"@type\":\"EntryPoint\",\"urlTemplate\":\"https:\/\/dananderssonveckan.com\/?s={search_term_string}\"},\"query-input\":{\"@type\":\"PropertyValueSpecification\",\"valueRequired\":true,\"valueName\":\"search_term_string\"}}],\"inLanguage\":\"fi\"}]}<\/script>\n<!-- \/ Yoast SEO plugin. -->","yoast_head_json":{"title":"n:o 9 & 10. Ymp\u00e4rill\u00e4 kerj\u00e4l\u00e4isen - Dan Anderssonveckan","robots":{"index":"index","follow":"follow","max-snippet":"max-snippet:-1","max-image-preview":"max-image-preview:large","max-video-preview":"max-video-preview:-1"},"canonical":"https:\/\/dananderssonveckan.com\/fi\/muistokivet\/no-9-10-omkring-tiggarn-fran-luossa\/","og_locale":"fi_FI","og_type":"article","og_title":"n:o 9 & 10. Ymp\u00e4rill\u00e4 kerj\u00e4l\u00e4isen - Dan Anderssonveckan","og_description":"Ymp\u00e4rill\u00e4 kerj\u00e4l\u00e4isen leiritulen istui v\u00e4kihaltioissaan kuunnellessaan lauluaan.Mieron tien ja kulkumiehet melkein edess\u00e4ns\u00e4 n\u00e4ki,kaihoaan kun purki y\u00f6h\u00f6n tummuvaan: \u201dJotain takana on vuorten, kukkien ja laulelmien,t\u00e4htien ja syd\u00e4meni palavan.Kuulkaa \u2014 jokin kulkee, kuiskii, jokin houkuttaa ja pyyt\u00e4\u00e4:T\u00e4nne k\u00e4y, et kuulu v\u00e4keen maailman! Olen kuullut vaimeana rantakiveen ly\u00f6v\u00e4n laineen,haaveksinut, kuinka meri rauhoittuu.Henkivoima kannatteli minut tuolle puolen aineen,rakkain mik\u00e4 [&hellip;]","og_url":"https:\/\/dananderssonveckan.com\/fi\/muistokivet\/no-9-10-omkring-tiggarn-fran-luossa\/","og_site_name":"Dan Anderssonveckan","article_modified_time":"2024-04-05T17:21:49+00:00","twitter_card":"summary_large_image","twitter_misc":{"Arvioitu lukuaika":"5 minuuttia"},"schema":{"@context":"https:\/\/schema.org","@graph":[{"@type":"WebPage","@id":"https:\/\/dananderssonveckan.com\/fi\/muistokivet\/no-9-10-omkring-tiggarn-fran-luossa\/","url":"https:\/\/dananderssonveckan.com\/fi\/muistokivet\/no-9-10-omkring-tiggarn-fran-luossa\/","name":"n:o 9 & 10. Ymp\u00e4rill\u00e4 kerj\u00e4l\u00e4isen - Dan Anderssonveckan","isPartOf":{"@id":"https:\/\/dananderssonveckan.com\/#website"},"datePublished":"2022-08-31T11:03:23+00:00","dateModified":"2024-04-05T17:21:49+00:00","breadcrumb":{"@id":"https:\/\/dananderssonveckan.com\/fi\/muistokivet\/no-9-10-omkring-tiggarn-fran-luossa\/#breadcrumb"},"inLanguage":"fi","potentialAction":[{"@type":"ReadAction","target":["https:\/\/dananderssonveckan.com\/fi\/muistokivet\/no-9-10-omkring-tiggarn-fran-luossa\/"]}]},{"@type":"BreadcrumbList","@id":"https:\/\/dananderssonveckan.com\/fi\/muistokivet\/no-9-10-omkring-tiggarn-fran-luossa\/#breadcrumb","itemListElement":[{"@type":"ListItem","position":1,"name":"Home","item":"https:\/\/dananderssonveckan.com\/"},{"@type":"ListItem","position":2,"name":"Muistokivet","item":"https:\/\/dananderssonveckan.com\/fi\/muistokivet\/"},{"@type":"ListItem","position":3,"name":"n:o 9 &#038; 10. Ymp\u00e4rill\u00e4 kerj\u00e4l\u00e4isen"}]},{"@type":"WebSite","@id":"https:\/\/dananderssonveckan.com\/#website","url":"https:\/\/dananderssonveckan.com\/","name":"Dan Anderssonveckan","description":"Kulturdagar i Ludvikabygden","potentialAction":[{"@type":"SearchAction","target":{"@type":"EntryPoint","urlTemplate":"https:\/\/dananderssonveckan.com\/?s={search_term_string}"},"query-input":{"@type":"PropertyValueSpecification","valueRequired":true,"valueName":"search_term_string"}}],"inLanguage":"fi"}]}},"_links":{"self":[{"href":"https:\/\/dananderssonveckan.com\/fi\/wp-json\/wp\/v2\/pages\/2276","targetHints":{"allow":["GET"]}}],"collection":[{"href":"https:\/\/dananderssonveckan.com\/fi\/wp-json\/wp\/v2\/pages"}],"about":[{"href":"https:\/\/dananderssonveckan.com\/fi\/wp-json\/wp\/v2\/types\/page"}],"author":[{"embeddable":true,"href":"https:\/\/dananderssonveckan.com\/fi\/wp-json\/wp\/v2\/users\/1"}],"replies":[{"embeddable":true,"href":"https:\/\/dananderssonveckan.com\/fi\/wp-json\/wp\/v2\/comments?post=2276"}],"version-history":[{"count":13,"href":"https:\/\/dananderssonveckan.com\/fi\/wp-json\/wp\/v2\/pages\/2276\/revisions"}],"predecessor-version":[{"id":2625,"href":"https:\/\/dananderssonveckan.com\/fi\/wp-json\/wp\/v2\/pages\/2276\/revisions\/2625"}],"up":[{"embeddable":true,"href":"https:\/\/dananderssonveckan.com\/fi\/wp-json\/wp\/v2\/pages\/2119"}],"wp:attachment":[{"href":"https:\/\/dananderssonveckan.com\/fi\/wp-json\/wp\/v2\/media?parent=2276"}],"curies":[{"name":"wp","href":"https:\/\/api.w.org\/{rel}","templated":true}]}}