{"id":2258,"date":"2022-08-31T12:59:16","date_gmt":"2022-08-31T10:59:16","guid":{"rendered":"https:\/\/dananderssonveckan.com\/muistokivet\/no-5-6-hemlangtan\/"},"modified":"2024-04-05T19:17:54","modified_gmt":"2024-04-05T17:17:54","slug":"no-5-6-hemlangtan","status":"publish","type":"page","link":"https:\/\/dananderssonveckan.com\/fi\/muistokivet\/no-5-6-hemlangtan\/","title":{"rendered":"n:o 5 &#038; 6. Koti-ik\u00e4v\u00e4"},"content":{"rendered":"<p>[et_pb_section fb_built=&#8221;1&#8243; _builder_version=&#8221;4.18.0&#8243; _module_preset=&#8221;default&#8221; background_color=&#8221;#a5a5a5&#8243; background_image=&#8221;https:\/\/dananderssonveckan.com\/wp-content\/uploads\/2022\/09\/Minnessten_hemlangtan.jpg&#8221; background_blend=&#8221;multiply&#8221; global_colors_info=&#8221;{}&#8221;][et_pb_row _builder_version=&#8221;4.16&#8243; _module_preset=&#8221;default&#8221; global_colors_info=&#8221;{}&#8221;][et_pb_column type=&#8221;4_4&#8243; _builder_version=&#8221;4.16&#8243; _module_preset=&#8221;default&#8221; global_colors_info=&#8221;{}&#8221;][et_pb_text _builder_version=&#8221;4.17.4&#8243; _dynamic_attributes=&#8221;content&#8221; text_font=&#8221;EB Garamond||on||||||&#8221; text_font_size=&#8221;40px&#8221; header_font_size=&#8221;40px&#8221; header_line_height=&#8221;1.4em&#8221; text_orientation=&#8221;center&#8221; background_layout=&#8221;dark&#8221; max_width=&#8221;700px&#8221; module_alignment=&#8221;center&#8221; text_line_height_tablet=&#8221;1.4em&#8221; text_line_height_phone=&#8221;1.1em&#8221; text_line_height_last_edited=&#8221;on|phone&#8221; header_font_size_tablet=&#8221;&#8221; header_font_size_phone=&#8221;28px&#8221; header_font_size_last_edited=&#8221;on|desktop&#8221; locked=&#8221;off&#8221; global_colors_info=&#8221;{}&#8221;]@ET-DC@eyJkeW5hbWljIjp0cnVlLCJjb250ZW50IjoicG9zdF90aXRsZSIsInNldHRpbmdzIjp7ImJlZm9yZSI6IiIsImFmdGVyIjoiIn19@[\/et_pb_text][\/et_pb_column][\/et_pb_row][\/et_pb_section][et_pb_section fb_built=&#8221;1&#8243; _builder_version=&#8221;4.17.4&#8243; _module_preset=&#8221;default&#8221; background_enable_color=&#8221;off&#8221; global_colors_info=&#8221;{}&#8221;][et_pb_row column_structure=&#8221;3_5,2_5&#8243; _builder_version=&#8221;4.16&#8243; _module_preset=&#8221;default&#8221; global_colors_info=&#8221;{}&#8221;][et_pb_column type=&#8221;3_5&#8243; _builder_version=&#8221;4.16&#8243; _module_preset=&#8221;default&#8221; global_colors_info=&#8221;{}&#8221;][et_pb_text _builder_version=&#8221;4.24.3&#8243; text_font=&#8221;EB Garamond||on||||||&#8221; text_text_color=&#8221;#000000&#8243; text_font_size=&#8221;36px&#8221; header_font_size=&#8221;26px&#8221; header_line_height=&#8221;1.4em&#8221; header_6_font_size=&#8221;10px&#8221; header_6_line_height=&#8221;1.5em&#8221; background_enable_color=&#8221;off&#8221; module_alignment=&#8221;center&#8221; custom_padding=&#8221;|10px||10px|false|false&#8221; hover_enabled=&#8221;0&#8243; text_font_size_tablet=&#8221;24px&#8221; text_font_size_phone=&#8221;20px&#8221; text_font_size_last_edited=&#8221;on|desktop&#8221; border_radii=&#8221;on|15px|15px|15px|15px&#8221; locked=&#8221;off&#8221; global_colors_info=&#8221;{}&#8221; text_line_height=&#8221;1.5em&#8221; sticky_enabled=&#8221;0&#8243;]<\/p>\n<p>V\u00e4syin tehdasty\u00f6n pakkopaitaan,<br \/>maalle takaisin haluan,<br \/>kotim\u00f6kkiini turvesuon laitaan,<br \/>k\u00e4tk\u00f6\u00f6n mets\u00e4ni rauhaisan.<br \/>Vett\u00e4 joisin ja leip\u00e4\u00e4 vain s\u00f6isin,<br \/>kunhan melun ja kaasuvalon<br \/>sijaan saisin kohdata \u00f6isin<br \/>hiljaisuuden tuon suuren salon.<\/p>\n<p>Kotiin haluan laakson hoivaan,<br \/>r\u00e4meheinikon tutun taa,<br \/>mets\u00e4\u00e4n vehmaaseen, hyvinvoivaan,<br \/>sammalkangasta se varjostaa,<br \/>sara h\u00f6yryss\u00e4 viihtyy l\u00e4hteen<br \/>ehtym\u00e4tt\u00f6m\u00e4n, josta saa<br \/>vett\u00e4 juurilleen kaikki kasvit<br \/>silkinhienoille ammentaa.<\/p>\n<p>Kotiin haluan laakson helmaan,<br \/>jossa kanerva leimuaa<br \/>punaisena kuin uhmaten liekein<br \/>syksyn uhkaavaa kuolemaa \u2014<br \/>jossa perhoset simasiivin<br \/>koreilevat kuin kullassa,<br \/>kimalaiset p\u00f6rr\u00e4\u00e4v\u00e4t kilpaa<br \/>m\u00f6ngiskelless\u00e4\u00e4n mullassa.<\/p>\n<p><span style=\"background-color: #e3e3e3;\">Luokse haluan k\u00f6yh\u00e4n kansan,<br \/>joka helteess\u00e4 hikoilee,<br \/>joka \u00f6isin karusti vastaan<br \/>kylm\u00e4\u00e4, puutetta kamppailee. \u2014<br \/>Sinne haluan miss\u00e4 rauhaa<br \/>taivaan pilvilt\u00e4 t\u00e4hti ei saa,<br \/>miss\u00e4 korpien kosket pauhaa<br \/>oman lauluni sanomaa. <\/span><\/p>\n<p>[\/et_pb_text][\/et_pb_column][et_pb_column type=&#8221;2_5&#8243; _builder_version=&#8221;4.16&#8243; _module_preset=&#8221;default&#8221; global_colors_info=&#8221;{}&#8221;][et_pb_blurb title=&#8221;Ta mig till minnesstenen&#8221; use_icon=&#8221;on&#8221; font_icon=&#8221;&#xe01f;||divi||400&#8243; icon_color=&#8221;#FFFFFF&#8221; image_icon_background_color=&#8221;#E09900&#8243; icon_placement=&#8221;left&#8221; image_icon_width=&#8221;24px&#8221; _builder_version=&#8221;4.18.0&#8243; _module_preset=&#8221;default&#8221; header_font=&#8221;|700|||||||&#8221; header_font_size=&#8221;16px&#8221; body_font_size=&#8221;14px&#8221; body_line_height=&#8221;1em&#8221; image_icon_custom_padding=&#8221;8px|8px|8px|8px|false|false&#8221; animation=&#8221;off&#8221; link_option_url=&#8221;https:\/\/goo.gl\/maps\/Lc3CBuVYtfv2qLFu8&#8243; link_option_url_new_window=&#8221;on&#8221; border_radii_image=&#8221;on|100%|100%|100%|100%&#8221; icon_font_size=&#8221;24px&#8221; use_circle=&#8221;on&#8221; circle_color=&#8221;#E09900&#8243; locked=&#8221;off&#8221; global_colors_info=&#8221;{}&#8221; image_icon_background_color__sticky_enabled=&#8221;#1c1c1c&#8221; image_icon_background_color__sticky=&#8221;#1c1c1c&#8221;]<\/p>\n<p>Google maps<\/p>\n<p>[\/et_pb_blurb][et_pb_audio audio=&#8221;https:\/\/dananderssonveckan.com\/wp-content\/uploads\/2022\/09\/Hemlangtan.mp3&#8243; title=&#8221;Heml\u00e4ngtan&#8221; artist_name=&#8221;Jimmy Ginsby&#8221; album_name=&#8221;Minnesstenar, Jimmy Ginsby l\u00e4ser Dan Andersson&#8221; image_url=&#8221;https:\/\/dananderssonveckan.com\/wp-content\/uploads\/2022\/09\/Minnessten_hemlangtan.jpg&#8221; _builder_version=&#8221;4.18.0&#8243; _module_preset=&#8221;default&#8221; title_font=&#8221;|600|||||||&#8221; locked=&#8221;off&#8221; global_colors_info=&#8221;{}&#8221;][\/et_pb_audio][et_pb_image src=&#8221;https:\/\/dananderssonveckan.com\/wp-content\/uploads\/2022\/12\/jagvillhem.jpg&#8221; title_text=&#8221;jagvillhem&#8221; show_in_lightbox=&#8221;on&#8221; _builder_version=&#8221;4.19.4&#8243; _module_preset=&#8221;default&#8221; locked=&#8221;off&#8221; global_colors_info=&#8221;{}&#8221;][\/et_pb_image][et_pb_video src=&#8221;https:\/\/youtu.be\/ORwEQYnq3zQ&#8221; _builder_version=&#8221;4.18.0&#8243; _module_preset=&#8221;default&#8221; global_colors_info=&#8221;{}&#8221;][\/et_pb_video][\/et_pb_column][\/et_pb_row][et_pb_row _builder_version=&#8221;4.17.4&#8243; _module_preset=&#8221;default&#8221; global_colors_info=&#8221;{}&#8221;][et_pb_column type=&#8221;4_4&#8243; _builder_version=&#8221;4.17.4&#8243; _module_preset=&#8221;default&#8221; global_colors_info=&#8221;{}&#8221;][et_pb_text _builder_version=&#8221;4.20.2&#8243; _module_preset=&#8221;default&#8221; text_font=&#8221;|||on|||||&#8221; text_font_size_tablet=&#8221;&#8221; text_font_size_phone=&#8221;11px&#8221; text_font_size_last_edited=&#8221;on|phone&#8221; global_colors_info=&#8221;{}&#8221;]<\/p>\n<p>DAN ANDERSSON, MIILUNVARTIJAN LAULUJA 1915<br \/>K\u00e4\u00e4nn\u00f6s suomeksi Tarmo Haarala<\/p>\n<p>[\/et_pb_text][\/et_pb_column][\/et_pb_row][et_pb_row _builder_version=&#8221;4.18.0&#8243; _module_preset=&#8221;default&#8221; locked=&#8221;off&#8221; global_colors_info=&#8221;{}&#8221;][et_pb_column type=&#8221;4_4&#8243; _builder_version=&#8221;4.18.0&#8243; _module_preset=&#8221;default&#8221; global_colors_info=&#8221;{}&#8221;][et_pb_button button_url=&#8221;@ET-DC@eyJkeW5hbWljIjp0cnVlLCJjb250ZW50IjoicG9zdF9saW5rX3VybF9wYWdlIiwic2V0dGluZ3MiOnsicG9zdF9pZCI6IjEzNTgifX0=@&#8221; button_text=&#8221;Muistokivet&#8221; button_alignment=&#8221;center&#8221; _builder_version=&#8221;4.18.0&#8243; _dynamic_attributes=&#8221;button_url&#8221; _module_preset=&#8221;default&#8221; custom_button=&#8221;on&#8221; button_text_color=&#8221;#000000&#8243; global_colors_info=&#8221;{}&#8221;][\/et_pb_button][\/et_pb_column][\/et_pb_row][\/et_pb_section]<\/p>\n","protected":false},"excerpt":{"rendered":"<p>V\u00e4syin tehdasty\u00f6n pakkopaitaan,maalle takaisin haluan,kotim\u00f6kkiini turvesuon laitaan,k\u00e4tk\u00f6\u00f6n mets\u00e4ni rauhaisan.Vett\u00e4 joisin ja leip\u00e4\u00e4 vain s\u00f6isin,kunhan melun ja kaasuvalonsijaan saisin kohdata \u00f6isinhiljaisuuden tuon suuren salon. Kotiin haluan laakson hoivaan,r\u00e4meheinikon tutun taa,mets\u00e4\u00e4n vehmaaseen, hyvinvoivaan,sammalkangasta se varjostaa,sara h\u00f6yryss\u00e4 viihtyy l\u00e4hteenehtym\u00e4tt\u00f6m\u00e4n, josta saavett\u00e4 juurilleen kaikki kasvitsilkinhienoille ammentaa. Kotiin haluan laakson helmaan,jossa kanerva leimuaapunaisena kuin uhmaten liekeinsyksyn uhkaavaa kuolemaa \u2014jossa perhoset [&hellip;]<\/p>\n","protected":false},"author":1,"featured_media":0,"parent":2119,"menu_order":0,"comment_status":"closed","ping_status":"closed","template":"","meta":{"_et_pb_use_builder":"on","_et_pb_old_content":"","_et_gb_content_width":"","inline_featured_image":false,"footnotes":""},"class_list":["post-2258","page","type-page","status-publish","hentry"],"yoast_head":"<!-- This site is optimized with the Yoast SEO plugin v27.2 - https:\/\/yoast.com\/product\/yoast-seo-wordpress\/ -->\n<title>n:o 5 &amp; 6. Koti-ik\u00e4v\u00e4 - Dan Anderssonveckan<\/title>\n<meta name=\"robots\" content=\"index, follow, max-snippet:-1, max-image-preview:large, max-video-preview:-1\" \/>\n<link rel=\"canonical\" href=\"https:\/\/dananderssonveckan.com\/fi\/muistokivet\/no-5-6-hemlangtan\/\" \/>\n<meta property=\"og:locale\" content=\"fi_FI\" \/>\n<meta property=\"og:type\" content=\"article\" \/>\n<meta property=\"og:title\" content=\"n:o 5 &amp; 6. Koti-ik\u00e4v\u00e4 - Dan Anderssonveckan\" \/>\n<meta property=\"og:description\" content=\"V\u00e4syin tehdasty\u00f6n pakkopaitaan,maalle takaisin haluan,kotim\u00f6kkiini turvesuon laitaan,k\u00e4tk\u00f6\u00f6n mets\u00e4ni rauhaisan.Vett\u00e4 joisin ja leip\u00e4\u00e4 vain s\u00f6isin,kunhan melun ja kaasuvalonsijaan saisin kohdata \u00f6isinhiljaisuuden tuon suuren salon. Kotiin haluan laakson hoivaan,r\u00e4meheinikon tutun taa,mets\u00e4\u00e4n vehmaaseen, hyvinvoivaan,sammalkangasta se varjostaa,sara h\u00f6yryss\u00e4 viihtyy l\u00e4hteenehtym\u00e4tt\u00f6m\u00e4n, josta saavett\u00e4 juurilleen kaikki kasvitsilkinhienoille ammentaa. Kotiin haluan laakson helmaan,jossa kanerva leimuaapunaisena kuin uhmaten liekeinsyksyn uhkaavaa kuolemaa \u2014jossa perhoset [&hellip;]\" \/>\n<meta property=\"og:url\" content=\"https:\/\/dananderssonveckan.com\/fi\/muistokivet\/no-5-6-hemlangtan\/\" \/>\n<meta property=\"og:site_name\" content=\"Dan Anderssonveckan\" \/>\n<meta property=\"article:modified_time\" content=\"2024-04-05T17:17:54+00:00\" \/>\n<meta name=\"twitter:card\" content=\"summary_large_image\" \/>\n<meta name=\"twitter:label1\" content=\"Arvioitu lukuaika\" \/>\n\t<meta name=\"twitter:data1\" content=\"4 minuuttia\" \/>\n<script type=\"application\/ld+json\" class=\"yoast-schema-graph\">{\"@context\":\"https:\/\/schema.org\",\"@graph\":[{\"@type\":\"WebPage\",\"@id\":\"https:\/\/dananderssonveckan.com\/fi\/muistokivet\/no-5-6-hemlangtan\/\",\"url\":\"https:\/\/dananderssonveckan.com\/fi\/muistokivet\/no-5-6-hemlangtan\/\",\"name\":\"n:o 5 & 6. Koti-ik\u00e4v\u00e4 - Dan Anderssonveckan\",\"isPartOf\":{\"@id\":\"https:\/\/dananderssonveckan.com\/#website\"},\"datePublished\":\"2022-08-31T10:59:16+00:00\",\"dateModified\":\"2024-04-05T17:17:54+00:00\",\"breadcrumb\":{\"@id\":\"https:\/\/dananderssonveckan.com\/fi\/muistokivet\/no-5-6-hemlangtan\/#breadcrumb\"},\"inLanguage\":\"fi\",\"potentialAction\":[{\"@type\":\"ReadAction\",\"target\":[\"https:\/\/dananderssonveckan.com\/fi\/muistokivet\/no-5-6-hemlangtan\/\"]}]},{\"@type\":\"BreadcrumbList\",\"@id\":\"https:\/\/dananderssonveckan.com\/fi\/muistokivet\/no-5-6-hemlangtan\/#breadcrumb\",\"itemListElement\":[{\"@type\":\"ListItem\",\"position\":1,\"name\":\"Home\",\"item\":\"https:\/\/dananderssonveckan.com\/\"},{\"@type\":\"ListItem\",\"position\":2,\"name\":\"Muistokivet\",\"item\":\"https:\/\/dananderssonveckan.com\/fi\/muistokivet\/\"},{\"@type\":\"ListItem\",\"position\":3,\"name\":\"n:o 5 &#038; 6. Koti-ik\u00e4v\u00e4\"}]},{\"@type\":\"WebSite\",\"@id\":\"https:\/\/dananderssonveckan.com\/#website\",\"url\":\"https:\/\/dananderssonveckan.com\/\",\"name\":\"Dan Anderssonveckan\",\"description\":\"Kulturdagar i Ludvikabygden\",\"potentialAction\":[{\"@type\":\"SearchAction\",\"target\":{\"@type\":\"EntryPoint\",\"urlTemplate\":\"https:\/\/dananderssonveckan.com\/?s={search_term_string}\"},\"query-input\":{\"@type\":\"PropertyValueSpecification\",\"valueRequired\":true,\"valueName\":\"search_term_string\"}}],\"inLanguage\":\"fi\"}]}<\/script>\n<!-- \/ Yoast SEO plugin. -->","yoast_head_json":{"title":"n:o 5 & 6. Koti-ik\u00e4v\u00e4 - Dan Anderssonveckan","robots":{"index":"index","follow":"follow","max-snippet":"max-snippet:-1","max-image-preview":"max-image-preview:large","max-video-preview":"max-video-preview:-1"},"canonical":"https:\/\/dananderssonveckan.com\/fi\/muistokivet\/no-5-6-hemlangtan\/","og_locale":"fi_FI","og_type":"article","og_title":"n:o 5 & 6. Koti-ik\u00e4v\u00e4 - Dan Anderssonveckan","og_description":"V\u00e4syin tehdasty\u00f6n pakkopaitaan,maalle takaisin haluan,kotim\u00f6kkiini turvesuon laitaan,k\u00e4tk\u00f6\u00f6n mets\u00e4ni rauhaisan.Vett\u00e4 joisin ja leip\u00e4\u00e4 vain s\u00f6isin,kunhan melun ja kaasuvalonsijaan saisin kohdata \u00f6isinhiljaisuuden tuon suuren salon. Kotiin haluan laakson hoivaan,r\u00e4meheinikon tutun taa,mets\u00e4\u00e4n vehmaaseen, hyvinvoivaan,sammalkangasta se varjostaa,sara h\u00f6yryss\u00e4 viihtyy l\u00e4hteenehtym\u00e4tt\u00f6m\u00e4n, josta saavett\u00e4 juurilleen kaikki kasvitsilkinhienoille ammentaa. Kotiin haluan laakson helmaan,jossa kanerva leimuaapunaisena kuin uhmaten liekeinsyksyn uhkaavaa kuolemaa \u2014jossa perhoset [&hellip;]","og_url":"https:\/\/dananderssonveckan.com\/fi\/muistokivet\/no-5-6-hemlangtan\/","og_site_name":"Dan Anderssonveckan","article_modified_time":"2024-04-05T17:17:54+00:00","twitter_card":"summary_large_image","twitter_misc":{"Arvioitu lukuaika":"4 minuuttia"},"schema":{"@context":"https:\/\/schema.org","@graph":[{"@type":"WebPage","@id":"https:\/\/dananderssonveckan.com\/fi\/muistokivet\/no-5-6-hemlangtan\/","url":"https:\/\/dananderssonveckan.com\/fi\/muistokivet\/no-5-6-hemlangtan\/","name":"n:o 5 & 6. Koti-ik\u00e4v\u00e4 - Dan Anderssonveckan","isPartOf":{"@id":"https:\/\/dananderssonveckan.com\/#website"},"datePublished":"2022-08-31T10:59:16+00:00","dateModified":"2024-04-05T17:17:54+00:00","breadcrumb":{"@id":"https:\/\/dananderssonveckan.com\/fi\/muistokivet\/no-5-6-hemlangtan\/#breadcrumb"},"inLanguage":"fi","potentialAction":[{"@type":"ReadAction","target":["https:\/\/dananderssonveckan.com\/fi\/muistokivet\/no-5-6-hemlangtan\/"]}]},{"@type":"BreadcrumbList","@id":"https:\/\/dananderssonveckan.com\/fi\/muistokivet\/no-5-6-hemlangtan\/#breadcrumb","itemListElement":[{"@type":"ListItem","position":1,"name":"Home","item":"https:\/\/dananderssonveckan.com\/"},{"@type":"ListItem","position":2,"name":"Muistokivet","item":"https:\/\/dananderssonveckan.com\/fi\/muistokivet\/"},{"@type":"ListItem","position":3,"name":"n:o 5 &#038; 6. Koti-ik\u00e4v\u00e4"}]},{"@type":"WebSite","@id":"https:\/\/dananderssonveckan.com\/#website","url":"https:\/\/dananderssonveckan.com\/","name":"Dan Anderssonveckan","description":"Kulturdagar i Ludvikabygden","potentialAction":[{"@type":"SearchAction","target":{"@type":"EntryPoint","urlTemplate":"https:\/\/dananderssonveckan.com\/?s={search_term_string}"},"query-input":{"@type":"PropertyValueSpecification","valueRequired":true,"valueName":"search_term_string"}}],"inLanguage":"fi"}]}},"_links":{"self":[{"href":"https:\/\/dananderssonveckan.com\/fi\/wp-json\/wp\/v2\/pages\/2258","targetHints":{"allow":["GET"]}}],"collection":[{"href":"https:\/\/dananderssonveckan.com\/fi\/wp-json\/wp\/v2\/pages"}],"about":[{"href":"https:\/\/dananderssonveckan.com\/fi\/wp-json\/wp\/v2\/types\/page"}],"author":[{"embeddable":true,"href":"https:\/\/dananderssonveckan.com\/fi\/wp-json\/wp\/v2\/users\/1"}],"replies":[{"embeddable":true,"href":"https:\/\/dananderssonveckan.com\/fi\/wp-json\/wp\/v2\/comments?post=2258"}],"version-history":[{"count":12,"href":"https:\/\/dananderssonveckan.com\/fi\/wp-json\/wp\/v2\/pages\/2258\/revisions"}],"predecessor-version":[{"id":2618,"href":"https:\/\/dananderssonveckan.com\/fi\/wp-json\/wp\/v2\/pages\/2258\/revisions\/2618"}],"up":[{"embeddable":true,"href":"https:\/\/dananderssonveckan.com\/fi\/wp-json\/wp\/v2\/pages\/2119"}],"wp:attachment":[{"href":"https:\/\/dananderssonveckan.com\/fi\/wp-json\/wp\/v2\/media?parent=2258"}],"curies":[{"name":"wp","href":"https:\/\/api.w.org\/{rel}","templated":true}]}}