{"id":2156,"date":"2022-08-31T12:26:25","date_gmt":"2022-08-31T10:26:25","guid":{"rendered":"https:\/\/dananderssonveckan.com\/muistokivet\/no-1-2-ur-ett-brev\/"},"modified":"2024-04-05T19:13:16","modified_gmt":"2024-04-05T17:13:16","slug":"no-1-2-ur-ett-brev","status":"publish","type":"page","link":"https:\/\/dananderssonveckan.com\/fi\/muistokivet\/no-1-2-ur-ett-brev\/","title":{"rendered":"n:o 1 &#038; 2. Otteita kirjeest\u00e4"},"content":{"rendered":"<p>[et_pb_section fb_built=&#8221;1&#8243; _builder_version=&#8221;4.18.0&#8243; _module_preset=&#8221;default&#8221; background_color=&#8221;#a5a5a5&#8243; background_image=&#8221;https:\/\/dananderssonveckan.com\/wp-content\/uploads\/2022\/09\/Minnessten_Ur_ett_brev_2.jpg&#8221; background_position=&#8221;bottom_center&#8221; background_blend=&#8221;multiply&#8221; global_colors_info=&#8221;{}&#8221;][et_pb_row _builder_version=&#8221;4.16&#8243; _module_preset=&#8221;default&#8221; global_colors_info=&#8221;{}&#8221;][et_pb_column type=&#8221;4_4&#8243; _builder_version=&#8221;4.16&#8243; _module_preset=&#8221;default&#8221; global_colors_info=&#8221;{}&#8221;][et_pb_text _builder_version=&#8221;4.18.0&#8243; _dynamic_attributes=&#8221;content&#8221; text_font=&#8221;EB Garamond||on||||||&#8221; text_font_size=&#8221;40px&#8221; header_font_size=&#8221;40px&#8221; header_line_height=&#8221;1.4em&#8221; text_orientation=&#8221;center&#8221; background_layout=&#8221;dark&#8221; max_width=&#8221;700px&#8221; module_alignment=&#8221;center&#8221; text_line_height_tablet=&#8221;1.4em&#8221; text_line_height_phone=&#8221;1.1em&#8221; text_line_height_last_edited=&#8221;on|phone&#8221; header_font_size_tablet=&#8221;&#8221; header_font_size_phone=&#8221;28px&#8221; header_font_size_last_edited=&#8221;on|desktop&#8221; locked=&#8221;off&#8221; global_colors_info=&#8221;{}&#8221;]@ET-DC@eyJkeW5hbWljIjp0cnVlLCJjb250ZW50IjoicG9zdF90aXRsZSIsInNldHRpbmdzIjp7ImJlZm9yZSI6IiIsImFmdGVyIjoiIn19@[\/et_pb_text][\/et_pb_column][\/et_pb_row][\/et_pb_section][et_pb_section fb_built=&#8221;1&#8243; _builder_version=&#8221;4.17.4&#8243; _module_preset=&#8221;default&#8221; background_enable_color=&#8221;off&#8221; global_colors_info=&#8221;{}&#8221;][et_pb_row column_structure=&#8221;3_5,2_5&#8243; _builder_version=&#8221;4.16&#8243; _module_preset=&#8221;default&#8221; global_colors_info=&#8221;{}&#8221;][et_pb_column type=&#8221;3_5&#8243; _builder_version=&#8221;4.16&#8243; _module_preset=&#8221;default&#8221; global_colors_info=&#8221;{}&#8221;][et_pb_text _builder_version=&#8221;4.20.2&#8243; text_font=&#8221;EB Garamond||on||||||&#8221; text_text_color=&#8221;#000000&#8243; text_font_size=&#8221;36px&#8221; header_font_size=&#8221;26px&#8221; header_line_height=&#8221;1.4em&#8221; header_6_font_size=&#8221;10px&#8221; header_6_line_height=&#8221;1.5em&#8221; module_alignment=&#8221;center&#8221; custom_padding=&#8221;0px|10px|0px|10px|false|false&#8221; text_font_size_tablet=&#8221;24px&#8221; text_font_size_phone=&#8221;20px&#8221; text_font_size_last_edited=&#8221;on|desktop&#8221; border_radii=&#8221;on|15px|15px|15px|15px&#8221; locked=&#8221;off&#8221; global_colors_info=&#8221;{}&#8221; background_enable_color=&#8221;off&#8221; text_line_height=&#8221;1.5em&#8221;]<\/p>\n<p><span style=\"background-color: #e3e3e3;\">Rakkaani!<br \/>Sinut vietiin minulta,<br \/>mutta rakkauttani he eiv\u00e4t voineet vied\u00e4.<\/span><\/p>\n<p>Olet ollut niin hyv\u00e4 minua kohtaan, M\u00e4rta!<br \/>\u2014 Kirjeest\u00e4si min\u00e4 ymm\u00e4rr\u00e4n nyt,<br \/>ett\u00e4 suuri j\u00e4nnitys kurimuksineen on ohi,<br \/>vanhempiasi arveluttaa tuhannesti.<br \/>Arveluttakoon!<br \/><span style=\"background-color: #e3e3e3;\">Meit\u00e4 ei arveluta \u2014 meill\u00e4 on toisemme.<\/span><\/p>\n<p>[\/et_pb_text][\/et_pb_column][et_pb_column type=&#8221;2_5&#8243; _builder_version=&#8221;4.16&#8243; _module_preset=&#8221;default&#8221; global_colors_info=&#8221;{}&#8221;][et_pb_blurb title=&#8221;Ta mig till minnesstenen&#8221; use_icon=&#8221;on&#8221; font_icon=&#8221;&#xe01f;||divi||400&#8243; icon_color=&#8221;#FFFFFF&#8221; image_icon_background_color=&#8221;#E09900&#8243; icon_placement=&#8221;left&#8221; image_icon_width=&#8221;24px&#8221; _builder_version=&#8221;4.18.0&#8243; _module_preset=&#8221;default&#8221; header_font=&#8221;|700|||||||&#8221; header_font_size=&#8221;16px&#8221; body_font_size=&#8221;14px&#8221; body_line_height=&#8221;1em&#8221; image_icon_custom_padding=&#8221;8px|8px|8px|8px|false|false&#8221; animation=&#8221;off&#8221; link_option_url=&#8221;https:\/\/maps.app.goo.gl\/RmENqzE5vWSnZtqR6?g_st=im&#8221; link_option_url_new_window=&#8221;on&#8221; border_radii_image=&#8221;on|100%|100%|100%|100%&#8221; icon_font_size=&#8221;24px&#8221; use_circle=&#8221;on&#8221; circle_color=&#8221;#E09900&#8243; locked=&#8221;off&#8221; global_colors_info=&#8221;{}&#8221; image_icon_background_color__sticky_enabled=&#8221;#1c1c1c&#8221; image_icon_background_color__sticky=&#8221;#1c1c1c&#8221;]<\/p>\n<p>Google maps<\/p>\n<p>[\/et_pb_blurb][et_pb_audio audio=&#8221;https:\/\/dananderssonveckan.com\/wp-content\/uploads\/2022\/09\/Brevmarta.mp3&#8243; title=&#8221;Ur ett brev&#8221; artist_name=&#8221;Jimmy Ginsby&#8221; album_name=&#8221;Minnesstenar, Jimmy Ginsby l\u00e4ser Dan Andersson&#8221; image_url=&#8221;https:\/\/dananderssonveckan.com\/wp-content\/uploads\/2022\/09\/Minnessten_Ur_ett_brev_2.jpg&#8221; _builder_version=&#8221;4.18.0&#8243; _module_preset=&#8221;default&#8221; title_font=&#8221;|600|||||||&#8221; locked=&#8221;off&#8221; global_colors_info=&#8221;{}&#8221;][\/et_pb_audio][\/et_pb_column][\/et_pb_row][et_pb_row _builder_version=&#8221;4.17.4&#8243; _module_preset=&#8221;default&#8221; global_colors_info=&#8221;{}&#8221;][et_pb_column type=&#8221;4_4&#8243; _builder_version=&#8221;4.17.4&#8243; _module_preset=&#8221;default&#8221; global_colors_info=&#8221;{}&#8221;][et_pb_text _builder_version=&#8221;4.20.2&#8243; _module_preset=&#8221;default&#8221; text_font=&#8221;|||on|||||&#8221; text_font_size_tablet=&#8221;&#8221; text_font_size_phone=&#8221;11px&#8221; text_font_size_last_edited=&#8221;on|phone&#8221; global_colors_info=&#8221;{}&#8221;]<\/p>\n<p>DAN ANDERSSON,OTTEiTA KIRJEEST\u00c4 1916 M\u00c4RTA LARSSONILLE<br \/>K\u00e4\u00e4nn\u00f6s suomeksi Tarmo Haarala<\/p>\n<p>[\/et_pb_text][\/et_pb_column][\/et_pb_row][et_pb_row _builder_version=&#8221;4.18.0&#8243; _module_preset=&#8221;default&#8221; locked=&#8221;off&#8221; global_colors_info=&#8221;{}&#8221;][et_pb_column type=&#8221;4_4&#8243; _builder_version=&#8221;4.18.0&#8243; _module_preset=&#8221;default&#8221; global_colors_info=&#8221;{}&#8221;][et_pb_button button_url=&#8221;@ET-DC@eyJkeW5hbWljIjp0cnVlLCJjb250ZW50IjoicG9zdF9saW5rX3VybF9wYWdlIiwic2V0dGluZ3MiOnsicG9zdF9pZCI6IjEzNTgifX0=@&#8221; button_text=&#8221;Muistokivet&#8221; button_alignment=&#8221;center&#8221; _builder_version=&#8221;4.18.0&#8243; _dynamic_attributes=&#8221;button_url&#8221; _module_preset=&#8221;default&#8221; custom_button=&#8221;on&#8221; button_text_color=&#8221;#000000&#8243; global_colors_info=&#8221;{}&#8221;][\/et_pb_button][\/et_pb_column][\/et_pb_row][\/et_pb_section]<\/p>\n","protected":false},"excerpt":{"rendered":"<p>Rakkaani!Sinut vietiin minulta,mutta rakkauttani he eiv\u00e4t voineet vied\u00e4. Olet ollut niin hyv\u00e4 minua kohtaan, M\u00e4rta!\u2014 Kirjeest\u00e4si min\u00e4 ymm\u00e4rr\u00e4n nyt,ett\u00e4 suuri j\u00e4nnitys kurimuksineen on ohi,vanhempiasi arveluttaa tuhannesti.Arveluttakoon!Meit\u00e4 ei arveluta \u2014 meill\u00e4 on toisemme.Google mapsDAN ANDERSSON,OTTEiTA KIRJEEST\u00c4 1916 M\u00c4RTA LARSSONILLEK\u00e4\u00e4nn\u00f6s suomeksi Tarmo Haarala<\/p>\n","protected":false},"author":1,"featured_media":1894,"parent":2119,"menu_order":0,"comment_status":"closed","ping_status":"closed","template":"","meta":{"_et_pb_use_builder":"on","_et_pb_old_content":"","_et_gb_content_width":"","inline_featured_image":false,"footnotes":""},"class_list":["post-2156","page","type-page","status-publish","has-post-thumbnail","hentry"],"yoast_head":"<!-- This site is optimized with the Yoast SEO plugin v27.2 - https:\/\/yoast.com\/product\/yoast-seo-wordpress\/ -->\n<title>n:o 1 &amp; 2. Otteita kirjeest\u00e4 - Dan Anderssonveckan<\/title>\n<meta name=\"robots\" content=\"index, follow, max-snippet:-1, max-image-preview:large, max-video-preview:-1\" \/>\n<link rel=\"canonical\" href=\"https:\/\/dananderssonveckan.com\/fi\/muistokivet\/no-1-2-ur-ett-brev\/\" \/>\n<meta property=\"og:locale\" content=\"fi_FI\" \/>\n<meta property=\"og:type\" content=\"article\" \/>\n<meta property=\"og:title\" content=\"n:o 1 &amp; 2. Otteita kirjeest\u00e4 - Dan Anderssonveckan\" \/>\n<meta property=\"og:description\" content=\"Rakkaani!Sinut vietiin minulta,mutta rakkauttani he eiv\u00e4t voineet vied\u00e4. Olet ollut niin hyv\u00e4 minua kohtaan, M\u00e4rta!\u2014 Kirjeest\u00e4si min\u00e4 ymm\u00e4rr\u00e4n nyt,ett\u00e4 suuri j\u00e4nnitys kurimuksineen on ohi,vanhempiasi arveluttaa tuhannesti.Arveluttakoon!Meit\u00e4 ei arveluta \u2014 meill\u00e4 on toisemme.Google mapsDAN ANDERSSON,OTTEiTA KIRJEEST\u00c4 1916 M\u00c4RTA LARSSONILLEK\u00e4\u00e4nn\u00f6s suomeksi Tarmo Haarala\" \/>\n<meta property=\"og:url\" content=\"https:\/\/dananderssonveckan.com\/fi\/muistokivet\/no-1-2-ur-ett-brev\/\" \/>\n<meta property=\"og:site_name\" content=\"Dan Anderssonveckan\" \/>\n<meta property=\"article:modified_time\" content=\"2024-04-05T17:13:16+00:00\" \/>\n<meta property=\"og:image\" content=\"https:\/\/dananderssonveckan.com\/wp-content\/uploads\/2022\/08\/Minnessten_Ur_ett_brev-1.jpg\" \/>\n\t<meta property=\"og:image:width\" content=\"1280\" \/>\n\t<meta property=\"og:image:height\" content=\"809\" \/>\n\t<meta property=\"og:image:type\" content=\"image\/jpeg\" \/>\n<meta name=\"twitter:card\" content=\"summary_large_image\" \/>\n<meta name=\"twitter:label1\" content=\"Arvioitu lukuaika\" \/>\n\t<meta name=\"twitter:data1\" content=\"3 minuuttia\" \/>\n<script type=\"application\/ld+json\" class=\"yoast-schema-graph\">{\"@context\":\"https:\/\/schema.org\",\"@graph\":[{\"@type\":\"WebPage\",\"@id\":\"https:\/\/dananderssonveckan.com\/fi\/muistokivet\/no-1-2-ur-ett-brev\/\",\"url\":\"https:\/\/dananderssonveckan.com\/fi\/muistokivet\/no-1-2-ur-ett-brev\/\",\"name\":\"n:o 1 & 2. Otteita kirjeest\u00e4 - Dan Anderssonveckan\",\"isPartOf\":{\"@id\":\"https:\/\/dananderssonveckan.com\/#website\"},\"primaryImageOfPage\":{\"@id\":\"https:\/\/dananderssonveckan.com\/fi\/muistokivet\/no-1-2-ur-ett-brev\/#primaryimage\"},\"image\":{\"@id\":\"https:\/\/dananderssonveckan.com\/fi\/muistokivet\/no-1-2-ur-ett-brev\/#primaryimage\"},\"thumbnailUrl\":\"https:\/\/dananderssonveckan.com\/wp-content\/uploads\/2022\/08\/Minnessten_Ur_ett_brev-1.jpg\",\"datePublished\":\"2022-08-31T10:26:25+00:00\",\"dateModified\":\"2024-04-05T17:13:16+00:00\",\"breadcrumb\":{\"@id\":\"https:\/\/dananderssonveckan.com\/fi\/muistokivet\/no-1-2-ur-ett-brev\/#breadcrumb\"},\"inLanguage\":\"fi\",\"potentialAction\":[{\"@type\":\"ReadAction\",\"target\":[\"https:\/\/dananderssonveckan.com\/fi\/muistokivet\/no-1-2-ur-ett-brev\/\"]}]},{\"@type\":\"ImageObject\",\"inLanguage\":\"fi\",\"@id\":\"https:\/\/dananderssonveckan.com\/fi\/muistokivet\/no-1-2-ur-ett-brev\/#primaryimage\",\"url\":\"https:\/\/dananderssonveckan.com\/wp-content\/uploads\/2022\/08\/Minnessten_Ur_ett_brev-1.jpg\",\"contentUrl\":\"https:\/\/dananderssonveckan.com\/wp-content\/uploads\/2022\/08\/Minnessten_Ur_ett_brev-1.jpg\",\"width\":1280,\"height\":809},{\"@type\":\"BreadcrumbList\",\"@id\":\"https:\/\/dananderssonveckan.com\/fi\/muistokivet\/no-1-2-ur-ett-brev\/#breadcrumb\",\"itemListElement\":[{\"@type\":\"ListItem\",\"position\":1,\"name\":\"Home\",\"item\":\"https:\/\/dananderssonveckan.com\/\"},{\"@type\":\"ListItem\",\"position\":2,\"name\":\"Muistokivet\",\"item\":\"https:\/\/dananderssonveckan.com\/fi\/muistokivet\/\"},{\"@type\":\"ListItem\",\"position\":3,\"name\":\"n:o 1 &#038; 2. Otteita kirjeest\u00e4\"}]},{\"@type\":\"WebSite\",\"@id\":\"https:\/\/dananderssonveckan.com\/#website\",\"url\":\"https:\/\/dananderssonveckan.com\/\",\"name\":\"Dan Anderssonveckan\",\"description\":\"Kulturdagar i Ludvikabygden\",\"potentialAction\":[{\"@type\":\"SearchAction\",\"target\":{\"@type\":\"EntryPoint\",\"urlTemplate\":\"https:\/\/dananderssonveckan.com\/?s={search_term_string}\"},\"query-input\":{\"@type\":\"PropertyValueSpecification\",\"valueRequired\":true,\"valueName\":\"search_term_string\"}}],\"inLanguage\":\"fi\"}]}<\/script>\n<!-- \/ Yoast SEO plugin. -->","yoast_head_json":{"title":"n:o 1 & 2. Otteita kirjeest\u00e4 - Dan Anderssonveckan","robots":{"index":"index","follow":"follow","max-snippet":"max-snippet:-1","max-image-preview":"max-image-preview:large","max-video-preview":"max-video-preview:-1"},"canonical":"https:\/\/dananderssonveckan.com\/fi\/muistokivet\/no-1-2-ur-ett-brev\/","og_locale":"fi_FI","og_type":"article","og_title":"n:o 1 & 2. Otteita kirjeest\u00e4 - Dan Anderssonveckan","og_description":"Rakkaani!Sinut vietiin minulta,mutta rakkauttani he eiv\u00e4t voineet vied\u00e4. Olet ollut niin hyv\u00e4 minua kohtaan, M\u00e4rta!\u2014 Kirjeest\u00e4si min\u00e4 ymm\u00e4rr\u00e4n nyt,ett\u00e4 suuri j\u00e4nnitys kurimuksineen on ohi,vanhempiasi arveluttaa tuhannesti.Arveluttakoon!Meit\u00e4 ei arveluta \u2014 meill\u00e4 on toisemme.Google mapsDAN ANDERSSON,OTTEiTA KIRJEEST\u00c4 1916 M\u00c4RTA LARSSONILLEK\u00e4\u00e4nn\u00f6s suomeksi Tarmo Haarala","og_url":"https:\/\/dananderssonveckan.com\/fi\/muistokivet\/no-1-2-ur-ett-brev\/","og_site_name":"Dan Anderssonveckan","article_modified_time":"2024-04-05T17:13:16+00:00","og_image":[{"width":1280,"height":809,"url":"https:\/\/dananderssonveckan.com\/wp-content\/uploads\/2022\/08\/Minnessten_Ur_ett_brev-1.jpg","type":"image\/jpeg"}],"twitter_card":"summary_large_image","twitter_misc":{"Arvioitu lukuaika":"3 minuuttia"},"schema":{"@context":"https:\/\/schema.org","@graph":[{"@type":"WebPage","@id":"https:\/\/dananderssonveckan.com\/fi\/muistokivet\/no-1-2-ur-ett-brev\/","url":"https:\/\/dananderssonveckan.com\/fi\/muistokivet\/no-1-2-ur-ett-brev\/","name":"n:o 1 & 2. Otteita kirjeest\u00e4 - Dan Anderssonveckan","isPartOf":{"@id":"https:\/\/dananderssonveckan.com\/#website"},"primaryImageOfPage":{"@id":"https:\/\/dananderssonveckan.com\/fi\/muistokivet\/no-1-2-ur-ett-brev\/#primaryimage"},"image":{"@id":"https:\/\/dananderssonveckan.com\/fi\/muistokivet\/no-1-2-ur-ett-brev\/#primaryimage"},"thumbnailUrl":"https:\/\/dananderssonveckan.com\/wp-content\/uploads\/2022\/08\/Minnessten_Ur_ett_brev-1.jpg","datePublished":"2022-08-31T10:26:25+00:00","dateModified":"2024-04-05T17:13:16+00:00","breadcrumb":{"@id":"https:\/\/dananderssonveckan.com\/fi\/muistokivet\/no-1-2-ur-ett-brev\/#breadcrumb"},"inLanguage":"fi","potentialAction":[{"@type":"ReadAction","target":["https:\/\/dananderssonveckan.com\/fi\/muistokivet\/no-1-2-ur-ett-brev\/"]}]},{"@type":"ImageObject","inLanguage":"fi","@id":"https:\/\/dananderssonveckan.com\/fi\/muistokivet\/no-1-2-ur-ett-brev\/#primaryimage","url":"https:\/\/dananderssonveckan.com\/wp-content\/uploads\/2022\/08\/Minnessten_Ur_ett_brev-1.jpg","contentUrl":"https:\/\/dananderssonveckan.com\/wp-content\/uploads\/2022\/08\/Minnessten_Ur_ett_brev-1.jpg","width":1280,"height":809},{"@type":"BreadcrumbList","@id":"https:\/\/dananderssonveckan.com\/fi\/muistokivet\/no-1-2-ur-ett-brev\/#breadcrumb","itemListElement":[{"@type":"ListItem","position":1,"name":"Home","item":"https:\/\/dananderssonveckan.com\/"},{"@type":"ListItem","position":2,"name":"Muistokivet","item":"https:\/\/dananderssonveckan.com\/fi\/muistokivet\/"},{"@type":"ListItem","position":3,"name":"n:o 1 &#038; 2. Otteita kirjeest\u00e4"}]},{"@type":"WebSite","@id":"https:\/\/dananderssonveckan.com\/#website","url":"https:\/\/dananderssonveckan.com\/","name":"Dan Anderssonveckan","description":"Kulturdagar i Ludvikabygden","potentialAction":[{"@type":"SearchAction","target":{"@type":"EntryPoint","urlTemplate":"https:\/\/dananderssonveckan.com\/?s={search_term_string}"},"query-input":{"@type":"PropertyValueSpecification","valueRequired":true,"valueName":"search_term_string"}}],"inLanguage":"fi"}]}},"_links":{"self":[{"href":"https:\/\/dananderssonveckan.com\/fi\/wp-json\/wp\/v2\/pages\/2156","targetHints":{"allow":["GET"]}}],"collection":[{"href":"https:\/\/dananderssonveckan.com\/fi\/wp-json\/wp\/v2\/pages"}],"about":[{"href":"https:\/\/dananderssonveckan.com\/fi\/wp-json\/wp\/v2\/types\/page"}],"author":[{"embeddable":true,"href":"https:\/\/dananderssonveckan.com\/fi\/wp-json\/wp\/v2\/users\/1"}],"replies":[{"embeddable":true,"href":"https:\/\/dananderssonveckan.com\/fi\/wp-json\/wp\/v2\/comments?post=2156"}],"version-history":[{"count":16,"href":"https:\/\/dananderssonveckan.com\/fi\/wp-json\/wp\/v2\/pages\/2156\/revisions"}],"predecessor-version":[{"id":2609,"href":"https:\/\/dananderssonveckan.com\/fi\/wp-json\/wp\/v2\/pages\/2156\/revisions\/2609"}],"up":[{"embeddable":true,"href":"https:\/\/dananderssonveckan.com\/fi\/wp-json\/wp\/v2\/pages\/2119"}],"wp:featuredmedia":[{"embeddable":true,"href":"https:\/\/dananderssonveckan.com\/fi\/wp-json\/wp\/v2\/media\/1894"}],"wp:attachment":[{"href":"https:\/\/dananderssonveckan.com\/fi\/wp-json\/wp\/v2\/media?parent=2156"}],"curies":[{"name":"wp","href":"https:\/\/api.w.org\/{rel}","templated":true}]}}