{"id":2119,"date":"2022-08-31T12:26:52","date_gmt":"2022-08-31T10:26:52","guid":{"rendered":"https:\/\/dananderssonveckan.com\/muistokivet\/"},"modified":"2023-08-30T08:35:10","modified_gmt":"2023-08-30T06:35:10","slug":"muistokivet","status":"publish","type":"page","link":"https:\/\/dananderssonveckan.com\/fi\/muistokivet\/","title":{"rendered":"Muistokivet"},"content":{"rendered":"<p>[et_pb_section fb_built=&#8221;1&#8243; disabled_on=&#8221;off|off|off&#8221; _builder_version=&#8221;4.18.0&#8243; _module_preset=&#8221;default&#8221; custom_padding=&#8221;0px||2px|||&#8221; global_colors_info=&#8221;{}&#8221;][et_pb_row _builder_version=&#8221;4.17.4&#8243; _module_preset=&#8221;default&#8221; global_colors_info=&#8221;{}&#8221;][et_pb_column type=&#8221;4_4&#8243; _builder_version=&#8221;4.17.4&#8243; _module_preset=&#8221;default&#8221; global_colors_info=&#8221;{}&#8221;][et_pb_image src=&#8221;https:\/\/dananderssonveckan.com\/wp-content\/uploads\/2022\/10\/minnesstenar_webb_fi.jpg&#8221; title_text=&#8221;minnesstenar_webb_fi&#8221; _builder_version=&#8221;4.18.0&#8243; _module_preset=&#8221;default&#8221; global_colors_info=&#8221;{}&#8221;][\/et_pb_image][\/et_pb_column][\/et_pb_row][\/et_pb_section][et_pb_section fb_built=&#8221;1&#8243; _builder_version=&#8221;4.18.0&#8243; _module_preset=&#8221;default&#8221; custom_padding=&#8221;1px||2px|||&#8221; global_colors_info=&#8221;{}&#8221;][et_pb_row column_structure=&#8221;2_3,1_3&#8243; use_custom_gutter=&#8221;on&#8221; gutter_width=&#8221;2&#8243; _builder_version=&#8221;4.18.0&#8243; _module_preset=&#8221;default&#8221; custom_padding=&#8221;0px|||||&#8221; global_colors_info=&#8221;{}&#8221;][et_pb_column type=&#8221;2_3&#8243; _builder_version=&#8221;4.18.0&#8243; _module_preset=&#8221;default&#8221; global_colors_info=&#8221;{}&#8221;][et_pb_text _builder_version=&#8221;4.22.1&#8243; _module_preset=&#8221;default&#8221; text_text_color=&#8221;#000000&#8243; header_2_font=&#8221;EB Garamond||on||||||&#8221; header_2_font_size=&#8221;36px&#8221; header_2_line_height=&#8221;1.4em&#8221; header_3_font=&#8221;|600|||||||&#8221; header_5_font=&#8221;|600|||||||&#8221; header_5_font_size=&#8221;12px&#8221; header_5_line_height=&#8221;1.5em&#8221; background_color=&#8221;#ededed&#8221; background_size=&#8221;initial&#8221; background_position=&#8221;top_left&#8221; background_repeat=&#8221;repeat&#8221; custom_padding=&#8221;40px|40px|40px|40px|true|true&#8221; custom_padding_tablet=&#8221;40px|40px|40px|40px|true|true&#8221; custom_padding_phone=&#8221;20px|20px|20px|20px|true|true&#8221; custom_padding_last_edited=&#8221;on|phone&#8221; hover_enabled=&#8221;0&#8243; header_2_font_size_tablet=&#8221;36px&#8221; header_2_font_size_phone=&#8221;23px&#8221; header_2_font_size_last_edited=&#8221;on|phone&#8221; header_2_line_height_tablet=&#8221;1.4em&#8221; header_2_line_height_phone=&#8221;1.4em&#8221; header_2_line_height_last_edited=&#8221;on|phone&#8221; global_colors_info=&#8221;{}&#8221; sticky_enabled=&#8221;0&#8243;]<\/p>\n<h2>Dan Andersson syd\u00e4miss\u00e4mme<\/h2>\n<p>nyt kaikki on vain muisto,<br \/>satua eilisen.<\/p>\n<p>N\u00e4in Dan Anderssonin runo \u201cMuisto\u201d p\u00e4\u00e4ttyy<\/p>\n<p>Dan Anderssonin muiston s\u00e4ilytt\u00e4miseksi Ludvikan kunta kunnioittaa runoilijaa katukuvassa olevilla kivirunoilla, joita on useissa paikoissa kaupungissa. Idea perustuu Hans Gleimarin aloitteeseen, jonka kunnanvaltuusto hyv\u00e4ksyi. Valituista sitaateista vastaavat Dan Andersson -seura, Ludvikan kunta ja suuri yleis\u00f6.<\/p>\n<p>Vaikka suurin osa Dan Anderssonin runoudesta ja proosasta sijoittuu Skattl\u00f6sbergin, Finnmarkin &#8221;p\u00e4\u00e4kaupungin&#8221; yhteyteen, on Ludvikalla keskeinen rooli runoilijan el\u00e4m\u00e4ss\u00e4. Vuonna 1913 Dan Andersson vuokrasi huoneen kaupungista ja kirjoitti vuokratulla kirjoituskoneellaan muutamia kaikkein merkitt\u00e4vimpi\u00e4 kronikoitaan ja novelleitaan.<\/p>\n<p>Ludvikassa h\u00e4n meni naimisiin Olgansa kanssa. Ludvikassa h\u00e4n vietti el\u00e4m\u00e4ns\u00e4 viimeisen viikonlopun hyvien yst\u00e4viens\u00e4 luona, ja Lyvikenin hautausmaalla Ludvikassa h\u00e4n nukkuu nyt ikuista untaan.<\/p>\n<p><em>Tervetuloa Dan Andersson -maahan!<\/em><\/p>\n<p>[\/et_pb_text][\/et_pb_column][et_pb_column type=&#8221;1_3&#8243; _builder_version=&#8221;4.18.0&#8243; _module_preset=&#8221;default&#8221; global_colors_info=&#8221;{}&#8221;][et_pb_image src=&#8221;https:\/\/dananderssonveckan.com\/wp-content\/uploads\/2022\/10\/DAV_minnesstenar_photo-1024&#215;1024.jpg&#8221; title_text=&#8221;DAV_minnesstenar_photo&#8221; _builder_version=&#8221;4.18.0&#8243; _module_preset=&#8221;default&#8221; global_colors_info=&#8221;{}&#8221;][\/et_pb_image][et_pb_blurb title=&#8221;Tulosta kartta&#8221; use_icon=&#8221;on&#8221; font_icon=&#8221;&#xf1c1;||fa||400&#8243; icon_color=&#8221;#FFFFFF&#8221; image_icon_background_color=&#8221;#073b2b&#8221; icon_placement=&#8221;left&#8221; image_icon_width=&#8221;24px&#8221; _builder_version=&#8221;4.18.0&#8243; _module_preset=&#8221;default&#8221; header_font=&#8221;|700|||||||&#8221; header_font_size=&#8221;16px&#8221; body_font_size=&#8221;14px&#8221; body_line_height=&#8221;1em&#8221; image_icon_custom_padding=&#8221;10px|10px|10px|10px|false|false&#8221; animation=&#8221;off&#8221; link_option_url=&#8221;https:\/\/dananderssonveckan.com\/wp-content\/uploads\/2022\/10\/KartaMinnesstenar.pdf&#8221; link_option_url_new_window=&#8221;on&#8221; border_radii_image=&#8221;on|100%|100%|100%|100%&#8221; icon_font_size=&#8221;24px&#8221; use_circle=&#8221;on&#8221; circle_color=&#8221;#E09900&#8243; locked=&#8221;off&#8221; global_colors_info=&#8221;{}&#8221; image_icon_background_color__sticky_enabled=&#8221;#1c1c1c&#8221; image_icon_background_color__sticky=&#8221;#1c1c1c&#8221;]<\/p>\n<p>Kartta kivien sijaintipaikoista (PDF)<\/p>\n<p>[\/et_pb_blurb][\/et_pb_column][\/et_pb_row][\/et_pb_section][et_pb_section fb_built=&#8221;1&#8243; disabled_on=&#8221;off|off|off&#8221; _builder_version=&#8221;4.17.4&#8243; _module_preset=&#8221;default&#8221; custom_padding=&#8221;0px||4px|||&#8221; locked=&#8221;off&#8221; global_colors_info=&#8221;{}&#8221;][et_pb_row _builder_version=&#8221;4.16&#8243; _module_preset=&#8221;default&#8221; custom_padding=&#8221;0px||0px|||&#8221; global_colors_info=&#8221;{}&#8221;][et_pb_column type=&#8221;4_4&#8243; _builder_version=&#8221;4.16&#8243; _module_preset=&#8221;default&#8221; global_colors_info=&#8221;{}&#8221;][et_pb_text _builder_version=&#8221;4.18.0&#8243; text_font_size=&#8221;18px&#8221; text_line_height=&#8221;1.5em&#8221; header_font=&#8221;|||on|||||&#8221; header_font_size=&#8221;26px&#8221; header_line_height=&#8221;1.4em&#8221; text_orientation=&#8221;center&#8221; max_width=&#8221;700px&#8221; module_alignment=&#8221;center&#8221; locked=&#8221;off&#8221; global_colors_info=&#8221;{}&#8221;]<\/p>\n<h1><span><strong>Muistokivet<\/strong><\/span><\/h1>\n<p>[\/et_pb_text][\/et_pb_column][\/et_pb_row][\/et_pb_section][et_pb_section fb_built=&#8221;1&#8243; _builder_version=&#8221;4.17.4&#8243; _module_preset=&#8221;default&#8221; background_enable_color=&#8221;off&#8221; custom_padding=&#8221;0px|||||&#8221; global_colors_info=&#8221;{}&#8221;][et_pb_row column_structure=&#8221;1_3,1_3,1_3&#8243; use_custom_gutter=&#8221;on&#8221; gutter_width=&#8221;2&#8243; custom_padding_last_edited=&#8221;on|desktop&#8221; _builder_version=&#8221;4.18.0&#8243; _module_preset=&#8221;default&#8221; custom_padding=&#8221;0px||||false|false&#8221; custom_padding_tablet=&#8221;||||false|false&#8221; custom_padding_phone=&#8221;||||false|false&#8221; global_colors_info=&#8221;{}&#8221;][et_pb_column type=&#8221;1_3&#8243; _builder_version=&#8221;4.16&#8243; _module_preset=&#8221;default&#8221; global_colors_info=&#8221;{}&#8221;][et_pb_button button_url=&#8221;@ET-DC@eyJkeW5hbWljIjp0cnVlLCJjb250ZW50IjoicG9zdF9saW5rX3VybF9wYWdlIiwic2V0dGluZ3MiOnsicG9zdF9pZCI6IjEzNTQifX0=@&#8221; button_text=&#8221;n:o 1 &#038; 2. Otteita kirjeest\u00e4&#8221; button_alignment=&#8221;center&#8221; _builder_version=&#8221;4.20.2&#8243; _dynamic_attributes=&#8221;button_url&#8221; _module_preset=&#8221;default&#8221; custom_button=&#8221;on&#8221; button_text_size=&#8221;25px&#8221; button_text_color=&#8221;#000000&#8243; button_border_radius=&#8221;0px&#8221; button_font=&#8221;EB Garamond||on||||||&#8221; button_use_icon=&#8221;off&#8221; button_text_size_tablet=&#8221;25px&#8221; button_text_size_phone=&#8221;16px&#8221; button_text_size_last_edited=&#8221;on|phone&#8221; custom_css_main_element=&#8221;width:100%;||height:105px;&#8221; global_colors_info=&#8221;{}&#8221; custom_css_main_element_phone=&#8221;width:100%;||height:44px;&#8221; custom_css_main_element_last_edited=&#8221;on|phone&#8221; custom_css_main_element_tablet=&#8221;width:100%;||height:105px;&#8221;][\/et_pb_button][\/et_pb_column][et_pb_column type=&#8221;1_3&#8243; _builder_version=&#8221;4.16&#8243; _module_preset=&#8221;default&#8221; global_colors_info=&#8221;{}&#8221;][et_pb_button button_url=&#8221;@ET-DC@eyJkeW5hbWljIjp0cnVlLCJjb250ZW50IjoicG9zdF9saW5rX3VybF9wYWdlIiwic2V0dGluZ3MiOnsicG9zdF9pZCI6IjEzNjEifX0=@&#8221; button_text=&#8221;n:o 3. Vartoilen\u2026&#8221; button_alignment=&#8221;center&#8221; _builder_version=&#8221;4.20.2&#8243; _dynamic_attributes=&#8221;button_url&#8221; _module_preset=&#8221;default&#8221; custom_button=&#8221;on&#8221; button_text_size=&#8221;25px&#8221; button_text_color=&#8221;#000000&#8243; button_border_radius=&#8221;0px&#8221; button_font=&#8221;EB Garamond||on||||||&#8221; button_use_icon=&#8221;off&#8221; button_text_size_tablet=&#8221;25px&#8221; button_text_size_phone=&#8221;16px&#8221; button_text_size_last_edited=&#8221;on|phone&#8221; custom_css_main_element=&#8221;width:100%;||height:105px;&#8221; global_colors_info=&#8221;{}&#8221; custom_css_main_element_phone=&#8221;width:100%;||height:44px;&#8221; custom_css_main_element_last_edited=&#8221;on|phone&#8221; custom_css_main_element_tablet=&#8221;width:100%;||height:105px;&#8221;][\/et_pb_button][\/et_pb_column][et_pb_column type=&#8221;1_3&#8243; _builder_version=&#8221;4.16&#8243; _module_preset=&#8221;default&#8221; global_colors_info=&#8221;{}&#8221;][et_pb_button button_url=&#8221;@ET-DC@eyJkeW5hbWljIjp0cnVlLCJjb250ZW50IjoicG9zdF9saW5rX3VybF9wYWdlIiwic2V0dGluZ3MiOnsicG9zdF9pZCI6IjEzNjkifX0=@&#8221; button_text=&#8221;n:o 4. Ote kirjeest\u00e4 &#8221; button_alignment=&#8221;center&#8221; _builder_version=&#8221;4.20.2&#8243; _dynamic_attributes=&#8221;button_url&#8221; _module_preset=&#8221;default&#8221; custom_button=&#8221;on&#8221; button_text_size=&#8221;25px&#8221; button_text_color=&#8221;#000000&#8243; button_border_radius=&#8221;0px&#8221; button_font=&#8221;EB Garamond||on||||||&#8221; button_use_icon=&#8221;off&#8221; button_text_size_tablet=&#8221;25px&#8221; button_text_size_phone=&#8221;16px&#8221; button_text_size_last_edited=&#8221;on|phone&#8221; custom_css_main_element=&#8221;width:100%;||height:105px;&#8221; global_colors_info=&#8221;{}&#8221; custom_css_main_element_phone=&#8221;width:100%;||height:44px;&#8221; custom_css_main_element_last_edited=&#8221;on|phone&#8221; custom_css_main_element_tablet=&#8221;width:100%;||height:105px;&#8221;][\/et_pb_button][\/et_pb_column][\/et_pb_row][et_pb_row column_structure=&#8221;1_3,1_3,1_3&#8243; use_custom_gutter=&#8221;on&#8221; gutter_width=&#8221;2&#8243; custom_padding_last_edited=&#8221;on|phone&#8221; _builder_version=&#8221;4.18.0&#8243; _module_preset=&#8221;default&#8221; custom_padding=&#8221;0px||||false|false&#8221; custom_padding_tablet=&#8221;||||false|false&#8221; custom_padding_phone=&#8221;||||false|false&#8221; global_colors_info=&#8221;{}&#8221;][et_pb_column type=&#8221;1_3&#8243; _builder_version=&#8221;4.16&#8243; _module_preset=&#8221;default&#8221; global_colors_info=&#8221;{}&#8221;][et_pb_button button_url=&#8221;@ET-DC@eyJkeW5hbWljIjp0cnVlLCJjb250ZW50IjoicG9zdF9saW5rX3VybF9wYWdlIiwic2V0dGluZ3MiOnsicG9zdF9pZCI6IjEzNzQifX0=@&#8221; button_text=&#8221;n:o 5 &#038; 6. Koti-ik\u00e4v\u00e4&#8221; button_alignment=&#8221;center&#8221; _builder_version=&#8221;4.20.2&#8243; _dynamic_attributes=&#8221;button_url&#8221; _module_preset=&#8221;default&#8221; custom_button=&#8221;on&#8221; button_text_size=&#8221;25px&#8221; button_text_color=&#8221;#000000&#8243; button_border_radius=&#8221;0px&#8221; button_font=&#8221;EB Garamond||on||||||&#8221; button_use_icon=&#8221;off&#8221; button_text_size_tablet=&#8221;25px&#8221; button_text_size_phone=&#8221;16px&#8221; button_text_size_last_edited=&#8221;on|phone&#8221; custom_css_main_element=&#8221;width:100%;||height:105px;&#8221; global_colors_info=&#8221;{}&#8221; custom_css_main_element_phone=&#8221;width:100%;||height:44px;&#8221; custom_css_main_element_last_edited=&#8221;on|phone&#8221; custom_css_main_element_tablet=&#8221;width:100%;||height:105px;&#8221;][\/et_pb_button][\/et_pb_column][et_pb_column type=&#8221;1_3&#8243; _builder_version=&#8221;4.16&#8243; _module_preset=&#8221;default&#8221; global_colors_info=&#8221;{}&#8221;][et_pb_button button_url=&#8221;@ET-DC@eyJkeW5hbWljIjp0cnVlLCJjb250ZW50IjoicG9zdF9saW5rX3VybF9wYWdlIiwic2V0dGluZ3MiOnsicG9zdF9pZCI6IjEzNzcifX0=@&#8221; button_text=&#8221;n:o 7. Koditon&#8221; button_alignment=&#8221;center&#8221; _builder_version=&#8221;4.20.2&#8243; _dynamic_attributes=&#8221;button_url&#8221; _module_preset=&#8221;default&#8221; custom_button=&#8221;on&#8221; button_text_size=&#8221;25px&#8221; button_text_color=&#8221;#000000&#8243; button_border_radius=&#8221;0px&#8221; button_font=&#8221;EB Garamond||on||||||&#8221; button_use_icon=&#8221;off&#8221; button_text_size_tablet=&#8221;25px&#8221; button_text_size_phone=&#8221;16px&#8221; button_text_size_last_edited=&#8221;on|phone&#8221; custom_css_main_element=&#8221;width:100%;||height:105px;&#8221; global_colors_info=&#8221;{}&#8221; custom_css_main_element_phone=&#8221;width:100%;||height:44px;&#8221; custom_css_main_element_last_edited=&#8221;on|phone&#8221; custom_css_main_element_tablet=&#8221;width:100%;||height:105px;&#8221;][\/et_pb_button][\/et_pb_column][et_pb_column type=&#8221;1_3&#8243; _builder_version=&#8221;4.16&#8243; _module_preset=&#8221;default&#8221; global_colors_info=&#8221;{}&#8221;][et_pb_button button_url=&#8221;@ET-DC@eyJkeW5hbWljIjp0cnVlLCJjb250ZW50IjoicG9zdF9saW5rX3VybF9wYWdlIiwic2V0dGluZ3MiOnsicG9zdF9pZCI6IjEzODAifX0=@&#8221; button_text=&#8221;n:o 8. Lapsuus&#8221; button_alignment=&#8221;center&#8221; _builder_version=&#8221;4.20.2&#8243; _dynamic_attributes=&#8221;button_url&#8221; _module_preset=&#8221;default&#8221; custom_button=&#8221;on&#8221; button_text_size=&#8221;25px&#8221; button_text_color=&#8221;#000000&#8243; button_border_radius=&#8221;0px&#8221; button_font=&#8221;EB Garamond||on||||||&#8221; button_use_icon=&#8221;off&#8221; button_text_size_tablet=&#8221;25px&#8221; button_text_size_phone=&#8221;16px&#8221; button_text_size_last_edited=&#8221;on|phone&#8221; custom_css_main_element=&#8221;width:100%;||height:105px;&#8221; global_colors_info=&#8221;{}&#8221; custom_css_main_element_phone=&#8221;width:100%;||height:44px;&#8221; custom_css_main_element_last_edited=&#8221;on|phone&#8221; custom_css_main_element_tablet=&#8221;width:100%;||height:105px;&#8221;][\/et_pb_button][\/et_pb_column][\/et_pb_row][et_pb_row column_structure=&#8221;1_3,1_3,1_3&#8243; use_custom_gutter=&#8221;on&#8221; gutter_width=&#8221;2&#8243; custom_padding_last_edited=&#8221;on|phone&#8221; _builder_version=&#8221;4.18.0&#8243; _module_preset=&#8221;default&#8221; custom_padding=&#8221;0px||||false|false&#8221; custom_padding_tablet=&#8221;||||false|false&#8221; custom_padding_phone=&#8221;||||false|false&#8221; global_colors_info=&#8221;{}&#8221;][et_pb_column type=&#8221;1_3&#8243; _builder_version=&#8221;4.16&#8243; _module_preset=&#8221;default&#8221; global_colors_info=&#8221;{}&#8221;][et_pb_button button_url=&#8221;@ET-DC@eyJkeW5hbWljIjp0cnVlLCJjb250ZW50IjoicG9zdF9saW5rX3VybF9wYWdlIiwic2V0dGluZ3MiOnsicG9zdF9pZCI6IjEzODMifX0=@&#8221; button_text=&#8221;n:o 9 &#038; 10. Ymp\u00e4rill\u00e4 kerj\u00e4l\u00e4isen&#8221; button_alignment=&#8221;center&#8221; _builder_version=&#8221;4.20.2&#8243; _dynamic_attributes=&#8221;button_url&#8221; _module_preset=&#8221;default&#8221; custom_button=&#8221;on&#8221; button_text_size=&#8221;25px&#8221; button_text_color=&#8221;#000000&#8243; button_border_radius=&#8221;0px&#8221; button_font=&#8221;EB Garamond||on||||||&#8221; button_use_icon=&#8221;off&#8221; button_text_size_tablet=&#8221;25px&#8221; button_text_size_phone=&#8221;16px&#8221; button_text_size_last_edited=&#8221;on|phone&#8221; custom_css_main_element=&#8221;width:100%;||height:105px;&#8221; global_colors_info=&#8221;{}&#8221; custom_css_main_element_last_edited=&#8221;on|phone&#8221; custom_css_main_element_phone=&#8221;width:100%;||height:44px;&#8221; custom_css_main_element_tablet=&#8221;width:100%;||height:105px;&#8221;][\/et_pb_button][\/et_pb_column][et_pb_column type=&#8221;1_3&#8243; _builder_version=&#8221;4.16&#8243; _module_preset=&#8221;default&#8221; global_colors_info=&#8221;{}&#8221;][et_pb_button button_url=&#8221;@ET-DC@eyJkeW5hbWljIjp0cnVlLCJjb250ZW50IjoicG9zdF9saW5rX3VybF9wYWdlIiwic2V0dGluZ3MiOnsicG9zdF9pZCI6IjEzODcifX0=@&#8221; button_text=&#8221;n:o 11 &#038; 12. Pelimanni&#8221; button_alignment=&#8221;center&#8221; _builder_version=&#8221;4.20.2&#8243; _dynamic_attributes=&#8221;button_url&#8221; _module_preset=&#8221;default&#8221; custom_button=&#8221;on&#8221; button_text_size=&#8221;25px&#8221; button_text_color=&#8221;#000000&#8243; button_border_radius=&#8221;0px&#8221; button_font=&#8221;EB Garamond||on||||||&#8221; button_use_icon=&#8221;off&#8221; button_text_size_tablet=&#8221;25px&#8221; button_text_size_phone=&#8221;16px&#8221; button_text_size_last_edited=&#8221;on|phone&#8221; custom_css_main_element=&#8221;width:100%;||height:105px;&#8221; global_colors_info=&#8221;{}&#8221; custom_css_main_element_phone=&#8221;width:100%;||height:44px;&#8221; custom_css_main_element_last_edited=&#8221;on|phone&#8221; custom_css_main_element_tablet=&#8221;width:100%;||height:105px;&#8221;][\/et_pb_button][\/et_pb_column][et_pb_column type=&#8221;1_3&#8243; _builder_version=&#8221;4.16&#8243; _module_preset=&#8221;default&#8221; global_colors_info=&#8221;{}&#8221;][et_pb_button button_url=&#8221;@ET-DC@eyJkeW5hbWljIjp0cnVlLCJjb250ZW50IjoicG9zdF9saW5rX3VybF9wYWdlIiwic2V0dGluZ3MiOnsicG9zdF9pZCI6IjEzOTAifX0=@&#8221; button_text=&#8221;n:o 13 &#038; 14. Miilunsavua I&#8221; button_alignment=&#8221;center&#8221; _builder_version=&#8221;4.20.2&#8243; _dynamic_attributes=&#8221;button_url&#8221; _module_preset=&#8221;default&#8221; custom_button=&#8221;on&#8221; button_text_size=&#8221;25px&#8221; button_text_color=&#8221;#000000&#8243; button_border_radius=&#8221;0px&#8221; button_font=&#8221;EB Garamond||on||||||&#8221; button_use_icon=&#8221;off&#8221; button_text_size_tablet=&#8221;25px&#8221; button_text_size_phone=&#8221;16px&#8221; button_text_size_last_edited=&#8221;on|phone&#8221; custom_css_main_element=&#8221;width:100%;||height:105px;&#8221; global_colors_info=&#8221;{}&#8221; custom_css_main_element_phone=&#8221;width:100%;||height:44px;&#8221; custom_css_main_element_last_edited=&#8221;on|phone&#8221; custom_css_main_element_tablet=&#8221;width:100%;||height:105px;&#8221;][\/et_pb_button][\/et_pb_column][\/et_pb_row][\/et_pb_section]<\/p>\n","protected":false},"excerpt":{"rendered":"<p>Dan Andersson syd\u00e4miss\u00e4mme nyt kaikki on vain muisto,satua eilisen. N\u00e4in Dan Anderssonin runo \u201cMuisto\u201d p\u00e4\u00e4ttyy Dan Anderssonin muiston s\u00e4ilytt\u00e4miseksi Ludvikan kunta kunnioittaa runoilijaa katukuvassa olevilla kivirunoilla, joita on useissa paikoissa kaupungissa. Idea perustuu Hans Gleimarin aloitteeseen, jonka kunnanvaltuusto hyv\u00e4ksyi. Valituista sitaateista vastaavat Dan Andersson -seura, Ludvikan kunta ja suuri yleis\u00f6. Vaikka suurin osa Dan Anderssonin [&hellip;]<\/p>\n","protected":false},"author":1,"featured_media":0,"parent":0,"menu_order":0,"comment_status":"closed","ping_status":"closed","template":"","meta":{"_et_pb_use_builder":"on","_et_pb_old_content":"","_et_gb_content_width":"","inline_featured_image":false,"footnotes":""},"class_list":["post-2119","page","type-page","status-publish","hentry"],"yoast_head":"<!-- This site is optimized with the Yoast SEO plugin v27.2 - https:\/\/yoast.com\/product\/yoast-seo-wordpress\/ -->\n<title>Muistokivet - Dan Anderssonveckan<\/title>\n<meta name=\"robots\" content=\"index, follow, max-snippet:-1, max-image-preview:large, max-video-preview:-1\" \/>\n<link rel=\"canonical\" href=\"https:\/\/dananderssonveckan.com\/fi\/muistokivet\/\" \/>\n<meta property=\"og:locale\" content=\"fi_FI\" \/>\n<meta property=\"og:type\" content=\"article\" \/>\n<meta property=\"og:title\" content=\"Muistokivet - Dan Anderssonveckan\" \/>\n<meta property=\"og:description\" content=\"Dan Andersson syd\u00e4miss\u00e4mme nyt kaikki on vain muisto,satua eilisen. N\u00e4in Dan Anderssonin runo \u201cMuisto\u201d p\u00e4\u00e4ttyy Dan Anderssonin muiston s\u00e4ilytt\u00e4miseksi Ludvikan kunta kunnioittaa runoilijaa katukuvassa olevilla kivirunoilla, joita on useissa paikoissa kaupungissa. Idea perustuu Hans Gleimarin aloitteeseen, jonka kunnanvaltuusto hyv\u00e4ksyi. Valituista sitaateista vastaavat Dan Andersson -seura, Ludvikan kunta ja suuri yleis\u00f6. Vaikka suurin osa Dan Anderssonin [&hellip;]\" \/>\n<meta property=\"og:url\" content=\"https:\/\/dananderssonveckan.com\/fi\/muistokivet\/\" \/>\n<meta property=\"og:site_name\" content=\"Dan Anderssonveckan\" \/>\n<meta property=\"article:modified_time\" content=\"2023-08-30T06:35:10+00:00\" \/>\n<meta name=\"twitter:card\" content=\"summary_large_image\" \/>\n<meta name=\"twitter:label1\" content=\"Arvioitu lukuaika\" \/>\n\t<meta name=\"twitter:data1\" content=\"10 minuuttia\" \/>\n<script type=\"application\/ld+json\" class=\"yoast-schema-graph\">{\"@context\":\"https:\/\/schema.org\",\"@graph\":[{\"@type\":\"WebPage\",\"@id\":\"https:\/\/dananderssonveckan.com\/fi\/muistokivet\/\",\"url\":\"https:\/\/dananderssonveckan.com\/fi\/muistokivet\/\",\"name\":\"Muistokivet - Dan Anderssonveckan\",\"isPartOf\":{\"@id\":\"https:\/\/dananderssonveckan.com\/#website\"},\"datePublished\":\"2022-08-31T10:26:52+00:00\",\"dateModified\":\"2023-08-30T06:35:10+00:00\",\"breadcrumb\":{\"@id\":\"https:\/\/dananderssonveckan.com\/fi\/muistokivet\/#breadcrumb\"},\"inLanguage\":\"fi\",\"potentialAction\":[{\"@type\":\"ReadAction\",\"target\":[\"https:\/\/dananderssonveckan.com\/fi\/muistokivet\/\"]}]},{\"@type\":\"BreadcrumbList\",\"@id\":\"https:\/\/dananderssonveckan.com\/fi\/muistokivet\/#breadcrumb\",\"itemListElement\":[{\"@type\":\"ListItem\",\"position\":1,\"name\":\"Home\",\"item\":\"https:\/\/dananderssonveckan.com\/\"},{\"@type\":\"ListItem\",\"position\":2,\"name\":\"Muistokivet\"}]},{\"@type\":\"WebSite\",\"@id\":\"https:\/\/dananderssonveckan.com\/#website\",\"url\":\"https:\/\/dananderssonveckan.com\/\",\"name\":\"Dan Anderssonveckan\",\"description\":\"Kulturdagar i Ludvikabygden\",\"potentialAction\":[{\"@type\":\"SearchAction\",\"target\":{\"@type\":\"EntryPoint\",\"urlTemplate\":\"https:\/\/dananderssonveckan.com\/?s={search_term_string}\"},\"query-input\":{\"@type\":\"PropertyValueSpecification\",\"valueRequired\":true,\"valueName\":\"search_term_string\"}}],\"inLanguage\":\"fi\"}]}<\/script>\n<!-- \/ Yoast SEO plugin. -->","yoast_head_json":{"title":"Muistokivet - Dan Anderssonveckan","robots":{"index":"index","follow":"follow","max-snippet":"max-snippet:-1","max-image-preview":"max-image-preview:large","max-video-preview":"max-video-preview:-1"},"canonical":"https:\/\/dananderssonveckan.com\/fi\/muistokivet\/","og_locale":"fi_FI","og_type":"article","og_title":"Muistokivet - Dan Anderssonveckan","og_description":"Dan Andersson syd\u00e4miss\u00e4mme nyt kaikki on vain muisto,satua eilisen. N\u00e4in Dan Anderssonin runo \u201cMuisto\u201d p\u00e4\u00e4ttyy Dan Anderssonin muiston s\u00e4ilytt\u00e4miseksi Ludvikan kunta kunnioittaa runoilijaa katukuvassa olevilla kivirunoilla, joita on useissa paikoissa kaupungissa. Idea perustuu Hans Gleimarin aloitteeseen, jonka kunnanvaltuusto hyv\u00e4ksyi. Valituista sitaateista vastaavat Dan Andersson -seura, Ludvikan kunta ja suuri yleis\u00f6. Vaikka suurin osa Dan Anderssonin [&hellip;]","og_url":"https:\/\/dananderssonveckan.com\/fi\/muistokivet\/","og_site_name":"Dan Anderssonveckan","article_modified_time":"2023-08-30T06:35:10+00:00","twitter_card":"summary_large_image","twitter_misc":{"Arvioitu lukuaika":"10 minuuttia"},"schema":{"@context":"https:\/\/schema.org","@graph":[{"@type":"WebPage","@id":"https:\/\/dananderssonveckan.com\/fi\/muistokivet\/","url":"https:\/\/dananderssonveckan.com\/fi\/muistokivet\/","name":"Muistokivet - Dan Anderssonveckan","isPartOf":{"@id":"https:\/\/dananderssonveckan.com\/#website"},"datePublished":"2022-08-31T10:26:52+00:00","dateModified":"2023-08-30T06:35:10+00:00","breadcrumb":{"@id":"https:\/\/dananderssonveckan.com\/fi\/muistokivet\/#breadcrumb"},"inLanguage":"fi","potentialAction":[{"@type":"ReadAction","target":["https:\/\/dananderssonveckan.com\/fi\/muistokivet\/"]}]},{"@type":"BreadcrumbList","@id":"https:\/\/dananderssonveckan.com\/fi\/muistokivet\/#breadcrumb","itemListElement":[{"@type":"ListItem","position":1,"name":"Home","item":"https:\/\/dananderssonveckan.com\/"},{"@type":"ListItem","position":2,"name":"Muistokivet"}]},{"@type":"WebSite","@id":"https:\/\/dananderssonveckan.com\/#website","url":"https:\/\/dananderssonveckan.com\/","name":"Dan Anderssonveckan","description":"Kulturdagar i Ludvikabygden","potentialAction":[{"@type":"SearchAction","target":{"@type":"EntryPoint","urlTemplate":"https:\/\/dananderssonveckan.com\/?s={search_term_string}"},"query-input":{"@type":"PropertyValueSpecification","valueRequired":true,"valueName":"search_term_string"}}],"inLanguage":"fi"}]}},"_links":{"self":[{"href":"https:\/\/dananderssonveckan.com\/fi\/wp-json\/wp\/v2\/pages\/2119","targetHints":{"allow":["GET"]}}],"collection":[{"href":"https:\/\/dananderssonveckan.com\/fi\/wp-json\/wp\/v2\/pages"}],"about":[{"href":"https:\/\/dananderssonveckan.com\/fi\/wp-json\/wp\/v2\/types\/page"}],"author":[{"embeddable":true,"href":"https:\/\/dananderssonveckan.com\/fi\/wp-json\/wp\/v2\/users\/1"}],"replies":[{"embeddable":true,"href":"https:\/\/dananderssonveckan.com\/fi\/wp-json\/wp\/v2\/comments?post=2119"}],"version-history":[{"count":15,"href":"https:\/\/dananderssonveckan.com\/fi\/wp-json\/wp\/v2\/pages\/2119\/revisions"}],"predecessor-version":[{"id":2555,"href":"https:\/\/dananderssonveckan.com\/fi\/wp-json\/wp\/v2\/pages\/2119\/revisions\/2555"}],"wp:attachment":[{"href":"https:\/\/dananderssonveckan.com\/fi\/wp-json\/wp\/v2\/media?parent=2119"}],"curies":[{"name":"wp","href":"https:\/\/api.w.org\/{rel}","templated":true}]}}