{"id":2106,"date":"2017-06-28T07:11:57","date_gmt":"2017-06-28T05:11:57","guid":{"rendered":"https:\/\/dananderssonveckan.com\/muuta-tietoa\/"},"modified":"2024-04-05T19:28:06","modified_gmt":"2024-04-05T17:28:06","slug":"muuta-tietoa","status":"publish","type":"page","link":"https:\/\/dananderssonveckan.com\/fi\/muuta-tietoa\/","title":{"rendered":"Muuta Tietoa"},"content":{"rendered":"<p>[et_pb_section fb_built=&#8221;1&#8243; admin_label=&#8221;section&#8221; _builder_version=&#8221;4.16&#8243; global_colors_info=&#8221;{}&#8221;][et_pb_row _builder_version=&#8221;4.16.1&#8243; _module_preset=&#8221;default&#8221; custom_padding=&#8221;0px||0px|||&#8221; global_colors_info=&#8221;{}&#8221;][et_pb_column type=&#8221;4_4&#8243; _builder_version=&#8221;4.16.1&#8243; _module_preset=&#8221;default&#8221; global_colors_info=&#8221;{}&#8221;][et_pb_image src=&#8221;https:\/\/dananderssonveckan.com\/wp-content\/uploads\/2022\/05\/DAV2022_theme.jpg&#8221; title_text=&#8221;DAV2022_theme&#8221; _builder_version=&#8221;4.16.1&#8243; _module_preset=&#8221;default&#8221; global_colors_info=&#8221;{}&#8221;][\/et_pb_image][\/et_pb_column][\/et_pb_row][et_pb_row column_structure=&#8221;1_2,1_2&#8243; admin_label=&#8221;row&#8221; _builder_version=&#8221;4.16&#8243; background_size=&#8221;initial&#8221; background_position=&#8221;top_left&#8221; background_repeat=&#8221;repeat&#8221; global_colors_info=&#8221;{}&#8221;][et_pb_column type=&#8221;1_2&#8243; _builder_version=&#8221;4.16&#8243; custom_padding=&#8221;|||&#8221; global_colors_info=&#8221;{}&#8221; custom_padding__hover=&#8221;|||&#8221;][et_pb_text admin_label=&#8221;Text&#8221; _builder_version=&#8221;4.16.1&#8243; text_text_color=&#8221;#1c1c1c&#8221; header_3_font=&#8221;|600|||||||&#8221; background_size=&#8221;initial&#8221; background_position=&#8221;top_left&#8221; background_repeat=&#8221;repeat&#8221; global_colors_info=&#8221;{}&#8221;]<\/p>\n<h3>RUOKA JA MAJOITUS<\/h3>\n<p>Vinkkej\u00e4 hyvist\u00e4 ruokapaikoista ja majoituspaikoista alueella, ota yhteytt\u00e4 Visit Dalarna. <span style=\"text-decoration: underline;\"><a href=\"https:\/\/www.visitdalarna.se\">visitdalarna.se<\/a><\/span><\/p>\n<h3>NESTEET JA VAATTEET<\/h3>\n<p>Ylim\u00e4\u00e4r\u00e4inen vesipullo voi olla tarpeen, kun l\u00e4hdette Finnmarkeniin. Muistakaa s\u00e4\u00e4h\u00e4n sopivat vaatteet, sill\u00e4 monet Dan Andersson -viikon ohjelmat j\u00e4rjestet\u00e4\u00e4n ulkotiloissa. \u00c4lk\u00e4\u00e4 unohtako my\u00f6sk\u00e4\u00e4n jonkinlaista istuinta.<\/p>\n<h3>BUSSIMATKOJEN J\u00c4RJEST\u00c4J\u00c4T<\/h3>\n<p>Pyyd\u00e4mme teit\u00e4 yst\u00e4v\u00e4llisesti ilmoittamaan etuk\u00e4teen Dan Andersson-museolle ennen saapumistanne tapahtumiimme omilla suurilla busseillanne, jotta voimme j\u00e4rjest\u00e4\u00e4 teille paikoituksen.<\/p>\n<h3>DAN ANDERSSON -MUSEO<\/h3>\n<p>K\u00e4ynti- ja postiosoite: Engelbrektsgatan 6, 771 30 Ludvika Puhelin: 072-221 00 16, S\u00e4hk\u00f6posti: <a href=\"mailto:danmuseet@gmail.com\">danmuseet@gmail.com<\/a> Verkkosivut: <span style=\"text-decoration: underline;\"><a href=\"https:\/\/www.danasallskapet.se\/\">danasallskapet.se<\/a><\/span><\/p>\n<h3>VISIT DALARNA<\/h3>\n<p>Contact Center: 0771-62 62 62<br \/>S\u00e4hk\u00f6posti: <a href=\"mailto:info@visitdalarna.se\">info@visitdalarna.se<\/a><br \/>Verkkosivu: <a href=\"https:\/\/www.visitdalarna.se\" target=\"_blank\" rel=\"noopener\">visitdalarna.se<\/a><\/p>\n<h3>LUDVIKA KOMMUN<\/h3>\n<p>Kultur- och samh\u00e4llsutvecklingsf\u00f6rvaltningen<br \/>Puhelin: 0240-860 00<br \/>S\u00e4hk\u00f6posti: <a href=\"mailto:kultur.samhallsutveckling@ludvika.se\">kultur.samhallsutveckling@ludvika.se<\/a><\/p>\n<h3>SIS\u00c4\u00c4NP\u00c4\u00c4SYMAKSUT ERI OHJELMIIN<\/h3>\n<p>Katso kunkin tapahtuman hintatiedot ohjelmasta. Yhteystiedot: <span style=\"text-decoration: underline;\"><a href=\"https:\/\/www.visitdalarna.se\">visitdalarna.se<\/a><\/span>, Puhelin: 0771-62 62 62<\/p>\n<h3>J\u00c4SENALENNUKSET<\/h3>\n<p>Dan Andersson -seuran j\u00e4senet saavat noin 20% alennuksen seuran omista tapahtumista.<\/p>\n<p>[\/et_pb_text][\/et_pb_column][et_pb_column type=&#8221;1_2&#8243; _builder_version=&#8221;4.16&#8243; custom_padding=&#8221;|||&#8221; global_colors_info=&#8221;{}&#8221; custom_padding__hover=&#8221;|||&#8221;][et_pb_text _builder_version=&#8221;4.18.0&#8243; _module_preset=&#8221;default&#8221; header_3_font=&#8221;|600|||||||&#8221; header_5_font=&#8221;|600|||||||&#8221; header_5_font_size=&#8221;12px&#8221; header_5_line_height=&#8221;1.5em&#8221; background_color=&#8221;#ededed&#8221; background_size=&#8221;initial&#8221; background_position=&#8221;top_left&#8221; background_repeat=&#8221;repeat&#8221; custom_padding=&#8221;40px|40px|40px|40px|true|true&#8221; custom_padding_tablet=&#8221;40px|40px|40px|40px|true|true&#8221; custom_padding_phone=&#8221;20px|20px|20px|20px|true|true&#8221; custom_padding_last_edited=&#8221;on|phone&#8221; saved_tabs=&#8221;all&#8221; global_colors_info=&#8221;{}&#8221;]<\/p>\n<h3>LINKKIVINKIT:<\/h3>\n<h5><\/h5>\n<h5>Facebook\u00a0Dan Andersson-veckan<\/h5>\n<p><a href=\"http:\/\/www.facebook.com\/dananderssonveckan\">facebook.com\/dananderssonveckan<\/a><a href=\"https:\/\/www.instagram.com\/dananderssonveckan\/\"><\/a><a href=\"https:\/\/www.instagram.com\/dananderssonveckan\/\"><\/a><\/p>\n<h5>Instagram\u00a0Dan Andersson-veckan<\/h5>\n<p><a href=\"https:\/\/www.instagram.com\/dananderssonveckan\/\">instagram.com\/dananderssonveckan\/<\/a><a href=\"http:\/\/www.skattlosberg.se\"><\/a><a href=\"http:\/\/www.skattlosberg.se\"><\/a><\/p>\n<h5>Skattl\u00f6sberg Bygdegille<\/h5>\n<p><a href=\"http:\/\/www.skattlosberg.se\">skattlosberg.se<\/a><a href=\"http:\/\/www.dansallskapet.hemsida24.se\"><\/a><a href=\"https:\/\/www.danasallskapet.se\"><\/a><\/p>\n<h5>Dan Andersson S\u00e4llskapet<\/h5>\n<p><a href=\"https:\/\/www.danasallskapet.se\">danasallskapet.se<\/a><a href=\"http:\/\/www.facebook.com\/danasallskap\"><\/a><a href=\"http:\/\/www.facebook.com\/danasallskap\"><\/a><\/p>\n<h5>Facebook Dan Andersson S\u00e4llskapet<\/h5>\n<p><a href=\"http:\/\/www.facebook.com\/danasallskap\">facebook.com\/danasallskap<\/a><a href=\"http:\/\/www.visitdalarna.se\"><\/a><a href=\"http:\/\/www.visitdalarna.se\"><\/a><\/p>\n<h5>Visit Dalarna<\/h5>\n<p><a href=\"http:\/\/www.visitdalarna.se\">visitdalarna.se<\/a><\/p>\n<h5>Dan Anderssonland<\/h5>\n<p><a href=\"https:\/\/dananderssonland.se\">dananderssonland.se<\/a><\/p>\n<p>[\/et_pb_text][\/et_pb_column][\/et_pb_row][\/et_pb_section]<\/p>\n","protected":false},"excerpt":{"rendered":"<p>RUOKA JA MAJOITUS Vinkkej\u00e4 hyvist\u00e4 ruokapaikoista ja majoituspaikoista alueella, ota yhteytt\u00e4 Visit Dalarna. visitdalarna.se NESTEET JA VAATTEET Ylim\u00e4\u00e4r\u00e4inen vesipullo voi olla tarpeen, kun l\u00e4hdette Finnmarkeniin. Muistakaa s\u00e4\u00e4h\u00e4n sopivat vaatteet, sill\u00e4 monet Dan Andersson -viikon ohjelmat j\u00e4rjestet\u00e4\u00e4n ulkotiloissa. \u00c4lk\u00e4\u00e4 unohtako my\u00f6sk\u00e4\u00e4n jonkinlaista istuinta. BUSSIMATKOJEN J\u00c4RJEST\u00c4J\u00c4T Pyyd\u00e4mme teit\u00e4 yst\u00e4v\u00e4llisesti ilmoittamaan etuk\u00e4teen Dan Andersson-museolle ennen saapumistanne tapahtumiimme omilla [&hellip;]<\/p>\n","protected":false},"author":1,"featured_media":0,"parent":0,"menu_order":0,"comment_status":"closed","ping_status":"closed","template":"","meta":{"_et_pb_use_builder":"on","_et_pb_old_content":"","_et_gb_content_width":"","inline_featured_image":false,"footnotes":""},"class_list":["post-2106","page","type-page","status-publish","hentry"],"yoast_head":"<!-- This site is optimized with the Yoast SEO plugin v27.2 - https:\/\/yoast.com\/product\/yoast-seo-wordpress\/ -->\n<title>Muuta Tietoa - Dan Anderssonveckan<\/title>\n<meta name=\"robots\" content=\"index, follow, max-snippet:-1, max-image-preview:large, max-video-preview:-1\" \/>\n<link rel=\"canonical\" href=\"https:\/\/dananderssonveckan.com\/fi\/muuta-tietoa\/\" \/>\n<meta property=\"og:locale\" content=\"fi_FI\" \/>\n<meta property=\"og:type\" content=\"article\" \/>\n<meta property=\"og:title\" content=\"Muuta Tietoa - Dan Anderssonveckan\" \/>\n<meta property=\"og:description\" content=\"RUOKA JA MAJOITUS Vinkkej\u00e4 hyvist\u00e4 ruokapaikoista ja majoituspaikoista alueella, ota yhteytt\u00e4 Visit Dalarna. visitdalarna.se NESTEET JA VAATTEET Ylim\u00e4\u00e4r\u00e4inen vesipullo voi olla tarpeen, kun l\u00e4hdette Finnmarkeniin. Muistakaa s\u00e4\u00e4h\u00e4n sopivat vaatteet, sill\u00e4 monet Dan Andersson -viikon ohjelmat j\u00e4rjestet\u00e4\u00e4n ulkotiloissa. \u00c4lk\u00e4\u00e4 unohtako my\u00f6sk\u00e4\u00e4n jonkinlaista istuinta. BUSSIMATKOJEN J\u00c4RJEST\u00c4J\u00c4T Pyyd\u00e4mme teit\u00e4 yst\u00e4v\u00e4llisesti ilmoittamaan etuk\u00e4teen Dan Andersson-museolle ennen saapumistanne tapahtumiimme omilla [&hellip;]\" \/>\n<meta property=\"og:url\" content=\"https:\/\/dananderssonveckan.com\/fi\/muuta-tietoa\/\" \/>\n<meta property=\"og:site_name\" content=\"Dan Anderssonveckan\" \/>\n<meta property=\"article:modified_time\" content=\"2024-04-05T17:28:06+00:00\" \/>\n<meta name=\"twitter:card\" content=\"summary_large_image\" \/>\n<meta name=\"twitter:label1\" content=\"Arvioitu lukuaika\" \/>\n\t<meta name=\"twitter:data1\" content=\"2 minuuttia\" \/>\n<script type=\"application\/ld+json\" class=\"yoast-schema-graph\">{\"@context\":\"https:\/\/schema.org\",\"@graph\":[{\"@type\":\"WebPage\",\"@id\":\"https:\/\/dananderssonveckan.com\/fi\/muuta-tietoa\/\",\"url\":\"https:\/\/dananderssonveckan.com\/fi\/muuta-tietoa\/\",\"name\":\"Muuta Tietoa - Dan Anderssonveckan\",\"isPartOf\":{\"@id\":\"https:\/\/dananderssonveckan.com\/#website\"},\"datePublished\":\"2017-06-28T05:11:57+00:00\",\"dateModified\":\"2024-04-05T17:28:06+00:00\",\"breadcrumb\":{\"@id\":\"https:\/\/dananderssonveckan.com\/fi\/muuta-tietoa\/#breadcrumb\"},\"inLanguage\":\"fi\",\"potentialAction\":[{\"@type\":\"ReadAction\",\"target\":[\"https:\/\/dananderssonveckan.com\/fi\/muuta-tietoa\/\"]}]},{\"@type\":\"BreadcrumbList\",\"@id\":\"https:\/\/dananderssonveckan.com\/fi\/muuta-tietoa\/#breadcrumb\",\"itemListElement\":[{\"@type\":\"ListItem\",\"position\":1,\"name\":\"Home\",\"item\":\"https:\/\/dananderssonveckan.com\/\"},{\"@type\":\"ListItem\",\"position\":2,\"name\":\"Muuta Tietoa\"}]},{\"@type\":\"WebSite\",\"@id\":\"https:\/\/dananderssonveckan.com\/#website\",\"url\":\"https:\/\/dananderssonveckan.com\/\",\"name\":\"Dan Anderssonveckan\",\"description\":\"Kulturdagar i Ludvikabygden\",\"potentialAction\":[{\"@type\":\"SearchAction\",\"target\":{\"@type\":\"EntryPoint\",\"urlTemplate\":\"https:\/\/dananderssonveckan.com\/?s={search_term_string}\"},\"query-input\":{\"@type\":\"PropertyValueSpecification\",\"valueRequired\":true,\"valueName\":\"search_term_string\"}}],\"inLanguage\":\"fi\"}]}<\/script>\n<!-- \/ Yoast SEO plugin. -->","yoast_head_json":{"title":"Muuta Tietoa - Dan Anderssonveckan","robots":{"index":"index","follow":"follow","max-snippet":"max-snippet:-1","max-image-preview":"max-image-preview:large","max-video-preview":"max-video-preview:-1"},"canonical":"https:\/\/dananderssonveckan.com\/fi\/muuta-tietoa\/","og_locale":"fi_FI","og_type":"article","og_title":"Muuta Tietoa - Dan Anderssonveckan","og_description":"RUOKA JA MAJOITUS Vinkkej\u00e4 hyvist\u00e4 ruokapaikoista ja majoituspaikoista alueella, ota yhteytt\u00e4 Visit Dalarna. visitdalarna.se NESTEET JA VAATTEET Ylim\u00e4\u00e4r\u00e4inen vesipullo voi olla tarpeen, kun l\u00e4hdette Finnmarkeniin. Muistakaa s\u00e4\u00e4h\u00e4n sopivat vaatteet, sill\u00e4 monet Dan Andersson -viikon ohjelmat j\u00e4rjestet\u00e4\u00e4n ulkotiloissa. \u00c4lk\u00e4\u00e4 unohtako my\u00f6sk\u00e4\u00e4n jonkinlaista istuinta. BUSSIMATKOJEN J\u00c4RJEST\u00c4J\u00c4T Pyyd\u00e4mme teit\u00e4 yst\u00e4v\u00e4llisesti ilmoittamaan etuk\u00e4teen Dan Andersson-museolle ennen saapumistanne tapahtumiimme omilla [&hellip;]","og_url":"https:\/\/dananderssonveckan.com\/fi\/muuta-tietoa\/","og_site_name":"Dan Anderssonveckan","article_modified_time":"2024-04-05T17:28:06+00:00","twitter_card":"summary_large_image","twitter_misc":{"Arvioitu lukuaika":"2 minuuttia"},"schema":{"@context":"https:\/\/schema.org","@graph":[{"@type":"WebPage","@id":"https:\/\/dananderssonveckan.com\/fi\/muuta-tietoa\/","url":"https:\/\/dananderssonveckan.com\/fi\/muuta-tietoa\/","name":"Muuta Tietoa - Dan Anderssonveckan","isPartOf":{"@id":"https:\/\/dananderssonveckan.com\/#website"},"datePublished":"2017-06-28T05:11:57+00:00","dateModified":"2024-04-05T17:28:06+00:00","breadcrumb":{"@id":"https:\/\/dananderssonveckan.com\/fi\/muuta-tietoa\/#breadcrumb"},"inLanguage":"fi","potentialAction":[{"@type":"ReadAction","target":["https:\/\/dananderssonveckan.com\/fi\/muuta-tietoa\/"]}]},{"@type":"BreadcrumbList","@id":"https:\/\/dananderssonveckan.com\/fi\/muuta-tietoa\/#breadcrumb","itemListElement":[{"@type":"ListItem","position":1,"name":"Home","item":"https:\/\/dananderssonveckan.com\/"},{"@type":"ListItem","position":2,"name":"Muuta Tietoa"}]},{"@type":"WebSite","@id":"https:\/\/dananderssonveckan.com\/#website","url":"https:\/\/dananderssonveckan.com\/","name":"Dan Anderssonveckan","description":"Kulturdagar i Ludvikabygden","potentialAction":[{"@type":"SearchAction","target":{"@type":"EntryPoint","urlTemplate":"https:\/\/dananderssonveckan.com\/?s={search_term_string}"},"query-input":{"@type":"PropertyValueSpecification","valueRequired":true,"valueName":"search_term_string"}}],"inLanguage":"fi"}]}},"_links":{"self":[{"href":"https:\/\/dananderssonveckan.com\/fi\/wp-json\/wp\/v2\/pages\/2106","targetHints":{"allow":["GET"]}}],"collection":[{"href":"https:\/\/dananderssonveckan.com\/fi\/wp-json\/wp\/v2\/pages"}],"about":[{"href":"https:\/\/dananderssonveckan.com\/fi\/wp-json\/wp\/v2\/types\/page"}],"author":[{"embeddable":true,"href":"https:\/\/dananderssonveckan.com\/fi\/wp-json\/wp\/v2\/users\/1"}],"replies":[{"embeddable":true,"href":"https:\/\/dananderssonveckan.com\/fi\/wp-json\/wp\/v2\/comments?post=2106"}],"version-history":[{"count":7,"href":"https:\/\/dananderssonveckan.com\/fi\/wp-json\/wp\/v2\/pages\/2106\/revisions"}],"predecessor-version":[{"id":2637,"href":"https:\/\/dananderssonveckan.com\/fi\/wp-json\/wp\/v2\/pages\/2106\/revisions\/2637"}],"wp:attachment":[{"href":"https:\/\/dananderssonveckan.com\/fi\/wp-json\/wp\/v2\/media?parent=2106"}],"curies":[{"name":"wp","href":"https:\/\/api.w.org\/{rel}","templated":true}]}}