{"id":2093,"date":"2022-10-12T15:09:11","date_gmt":"2022-10-12T13:09:11","guid":{"rendered":"https:\/\/dananderssonveckan.com\/ota-yhteytta\/"},"modified":"2024-04-05T19:26:34","modified_gmt":"2024-04-05T17:26:34","slug":"ota-yhteytta","status":"publish","type":"page","link":"https:\/\/dananderssonveckan.com\/fi\/ota-yhteytta\/","title":{"rendered":"Ota yhteytt\u00e4"},"content":{"rendered":"<p>[et_pb_section fb_built=&#8221;1&#8243; admin_label=&#8221;section&#8221; _builder_version=&#8221;4.16&#8243; global_colors_info=&#8221;{}&#8221;][et_pb_row _builder_version=&#8221;4.16.1&#8243; _module_preset=&#8221;default&#8221; custom_padding=&#8221;0px||0px|||&#8221; global_colors_info=&#8221;{}&#8221;][et_pb_column type=&#8221;4_4&#8243; _builder_version=&#8221;4.16.1&#8243; _module_preset=&#8221;default&#8221; global_colors_info=&#8221;{}&#8221;][et_pb_image src=&#8221;https:\/\/dananderssonveckan.com\/wp-content\/uploads\/2022\/05\/DAV2022_theme.jpg&#8221; title_text=&#8221;DAV2022_theme&#8221; _builder_version=&#8221;4.16.1&#8243; _module_preset=&#8221;default&#8221; global_colors_info=&#8221;{}&#8221;][\/et_pb_image][\/et_pb_column][\/et_pb_row][et_pb_row column_structure=&#8221;1_2,1_2&#8243; admin_label=&#8221;row&#8221; _builder_version=&#8221;4.16&#8243; background_size=&#8221;initial&#8221; background_position=&#8221;top_left&#8221; background_repeat=&#8221;repeat&#8221; global_colors_info=&#8221;{}&#8221;][et_pb_column type=&#8221;1_2&#8243; _builder_version=&#8221;4.16&#8243; custom_padding=&#8221;|||&#8221; global_colors_info=&#8221;{}&#8221; custom_padding__hover=&#8221;|||&#8221;][et_pb_text admin_label=&#8221;Text&#8221; _builder_version=&#8221;4.18.0&#8243; text_text_color=&#8221;#1c1c1c&#8221; header_font=&#8221;|700|||||||&#8221; header_3_font=&#8221;|600|||||||&#8221; background_size=&#8221;initial&#8221; background_position=&#8221;top_left&#8221; background_repeat=&#8221;repeat&#8221; global_colors_info=&#8221;{}&#8221;]<\/p>\n<h1>Ota yhteytt\u00e4<a href=\"https:\/\/www.danasallskapet.se\"><\/a><\/h1>\n<p>[\/et_pb_text][et_pb_text admin_label=&#8221;Text&#8221; _builder_version=&#8221;4.18.0&#8243; text_text_color=&#8221;#1c1c1c&#8221; header_font=&#8221;|700|||||||&#8221; header_3_font=&#8221;|600|||||||&#8221; background_size=&#8221;initial&#8221; background_position=&#8221;top_left&#8221; background_repeat=&#8221;repeat&#8221; global_colors_info=&#8221;{}&#8221;]<strong>Dan Andersson Museo<\/strong><br \/>\nK\u00e4ynti- ja postiosoite: Engelbrektsgatan 6 771 30 Ludvika<\/p>\n<p>Puhelin: 072-221 00 16<br \/>\nS\u00e4hk\u00f6posti: <a href=\"mailto:danmuseet@gmail.com\">danmuseet@gmail.com <\/a><br \/>\nVerkkosivu: <a href=\"https:\/\/www.danasallskapet.se\">danasallskapet.se<\/a>[\/et_pb_text][et_pb_text admin_label=&#8221;Text&#8221; _builder_version=&#8221;4.18.0&#8243; text_text_color=&#8221;#1c1c1c&#8221; header_font=&#8221;|700|||||||&#8221; header_3_font=&#8221;|600|||||||&#8221; background_size=&#8221;initial&#8221; background_position=&#8221;top_left&#8221; background_repeat=&#8221;repeat&#8221; global_colors_info=&#8221;{}&#8221;]<\/p>\n<p><strong>Luossastugan<\/strong><br \/>Skattl\u00f6sbergs bygdegille <br \/>S\u00e4hk\u00f6posti: <a href=\"mailto:skattlosberg@hotmail.com\">skattlosberg@hotmail.com<\/a><br \/>Verkkosivu: <a href=\"http:\/\/www.skattlosberg.se\">www.skattlosberg.se<\/a><\/p>\n<p>[\/et_pb_text][et_pb_text admin_label=&#8221;Text&#8221; _builder_version=&#8221;4.18.0&#8243; text_text_color=&#8221;#1c1c1c&#8221; header_font=&#8221;|700|||||||&#8221; header_3_font=&#8221;|600|||||||&#8221; background_size=&#8221;initial&#8221; background_position=&#8221;top_left&#8221; background_repeat=&#8221;repeat&#8221; global_colors_info=&#8221;{}&#8221;]<\/p>\n<p><strong>Ludvika Kommun <\/strong><br \/>Kultur- och samh\u00e4llsutvecklingsf\u00f6rvaltningen <br \/>Puhelin: 0240-860 00 <br \/>S\u00e4hk\u00f6posti: <a href=\"mailto:kultur.samhallsutveckling@ludvika.se\">kultur.samhallsutveckling@ludvika.se<\/a><br \/>Verkkosivu: <a href=\"https:\/\/www.ludvika.se\">ludvika.se<\/a><\/p>\n<p>[\/et_pb_text][\/et_pb_column][et_pb_column type=&#8221;1_2&#8243; _builder_version=&#8221;4.16&#8243; custom_padding=&#8221;|||&#8221; global_colors_info=&#8221;{}&#8221; custom_padding__hover=&#8221;|||&#8221;][et_pb_text _builder_version=&#8221;4.18.0&#8243; _module_preset=&#8221;default&#8221; header_3_font=&#8221;|600|||||||&#8221; header_5_font=&#8221;|600|||||||&#8221; header_5_font_size=&#8221;12px&#8221; header_5_line_height=&#8221;1.5em&#8221; background_color=&#8221;#ededed&#8221; background_size=&#8221;initial&#8221; background_position=&#8221;top_left&#8221; background_repeat=&#8221;repeat&#8221; custom_padding=&#8221;40px|40px|40px|40px|true|true&#8221; custom_padding_tablet=&#8221;40px|40px|40px|40px|true|true&#8221; custom_padding_phone=&#8221;20px|20px|20px|20px|true|true&#8221; custom_padding_last_edited=&#8221;on|phone&#8221; saved_tabs=&#8221;all&#8221; global_colors_info=&#8221;{}&#8221;]<\/p>\n<h3>LINKKIVINKIT:<\/h3>\n<h5><\/h5>\n<h5>Facebook\u00a0Dan Andersson-veckan<\/h5>\n<p><a href=\"http:\/\/www.facebook.com\/dananderssonveckan\">facebook.com\/dananderssonveckan<\/a><a href=\"https:\/\/www.instagram.com\/dananderssonveckan\/\"><\/a><a href=\"https:\/\/www.instagram.com\/dananderssonveckan\/\"><\/a><\/p>\n<h5>Instagram\u00a0Dan Andersson-veckan<\/h5>\n<p><a href=\"https:\/\/www.instagram.com\/dananderssonveckan\/\">instagram.com\/dananderssonveckan\/<\/a><a href=\"http:\/\/www.skattlosberg.se\"><\/a><a href=\"http:\/\/www.skattlosberg.se\"><\/a><\/p>\n<h5>Skattl\u00f6sberg Bygdegille<\/h5>\n<p><a href=\"http:\/\/www.skattlosberg.se\">skattlosberg.se<\/a><a href=\"http:\/\/www.dansallskapet.hemsida24.se\"><\/a><a href=\"https:\/\/www.danasallskapet.se\"><\/a><\/p>\n<h5>Dan Andersson S\u00e4llskapet<\/h5>\n<p><a href=\"https:\/\/www.danasallskapet.se\">danasallskapet.se<\/a><a href=\"http:\/\/www.facebook.com\/danasallskap\"><\/a><a href=\"http:\/\/www.facebook.com\/danasallskap\"><\/a><\/p>\n<h5>Facebook Dan Andersson S\u00e4llskapet<\/h5>\n<p><a href=\"http:\/\/www.facebook.com\/danasallskap\">facebook.com\/danasallskap<\/a><a href=\"http:\/\/www.visitdalarna.se\"><\/a><a href=\"http:\/\/www.visitdalarna.se\"><\/a><\/p>\n<h5>Visit Dalarna<\/h5>\n<p><a href=\"http:\/\/www.visitdalarna.se\">visitdalarna.se<\/a><\/p>\n<h5>Dan Anderssonland<\/h5>\n<p><a href=\"https:\/\/dananderssonland.se\">dananderssonland.se<\/a><\/p>\n<p>[\/et_pb_text][\/et_pb_column][\/et_pb_row][\/et_pb_section]<\/p>\n","protected":false},"excerpt":{"rendered":"<p>Ota yhteytt\u00e4Dan Andersson Museo K\u00e4ynti- ja postiosoite: Engelbrektsgatan 6 771 30 Ludvika Puhelin: 072-221 00 16 S\u00e4hk\u00f6posti: danmuseet@gmail.com Verkkosivu: danasallskapet.seLuossastuganSkattl\u00f6sbergs bygdegille S\u00e4hk\u00f6posti: skattlosberg@hotmail.comVerkkosivu: www.skattlosberg.seLudvika Kommun Kultur- och samh\u00e4llsutvecklingsf\u00f6rvaltningen Puhelin: 0240-860 00 S\u00e4hk\u00f6posti: kultur.samhallsutveckling@ludvika.seVerkkosivu: ludvika.seLINKKIVINKIT: Facebook\u00a0Dan Andersson-veckan facebook.com\/dananderssonveckan Instagram\u00a0Dan Andersson-veckan instagram.com\/dananderssonveckan\/ Skattl\u00f6sberg Bygdegille skattlosberg.se Dan Andersson S\u00e4llskapet danasallskapet.se Facebook Dan Andersson S\u00e4llskapet facebook.com\/danasallskap Visit Dalarna visitdalarna.se [&hellip;]<\/p>\n","protected":false},"author":1,"featured_media":0,"parent":0,"menu_order":0,"comment_status":"closed","ping_status":"closed","template":"","meta":{"_et_pb_use_builder":"on","_et_pb_old_content":"","_et_gb_content_width":"","inline_featured_image":false,"footnotes":""},"class_list":["post-2093","page","type-page","status-publish","hentry"],"yoast_head":"<!-- This site is optimized with the Yoast SEO plugin v27.2 - https:\/\/yoast.com\/product\/yoast-seo-wordpress\/ -->\n<title>Ota yhteytt\u00e4 - Dan Anderssonveckan<\/title>\n<meta name=\"robots\" content=\"index, follow, max-snippet:-1, max-image-preview:large, max-video-preview:-1\" \/>\n<link rel=\"canonical\" href=\"https:\/\/dananderssonveckan.com\/fi\/ota-yhteytta\/\" \/>\n<meta property=\"og:locale\" content=\"fi_FI\" \/>\n<meta property=\"og:type\" content=\"article\" \/>\n<meta property=\"og:title\" content=\"Ota yhteytt\u00e4 - Dan Anderssonveckan\" \/>\n<meta property=\"og:description\" content=\"Ota yhteytt\u00e4Dan Andersson Museo K\u00e4ynti- ja postiosoite: Engelbrektsgatan 6 771 30 Ludvika Puhelin: 072-221 00 16 S\u00e4hk\u00f6posti: danmuseet@gmail.com Verkkosivu: danasallskapet.seLuossastuganSkattl\u00f6sbergs bygdegille S\u00e4hk\u00f6posti: skattlosberg@hotmail.comVerkkosivu: www.skattlosberg.seLudvika Kommun Kultur- och samh\u00e4llsutvecklingsf\u00f6rvaltningen Puhelin: 0240-860 00 S\u00e4hk\u00f6posti: kultur.samhallsutveckling@ludvika.seVerkkosivu: ludvika.seLINKKIVINKIT: Facebook\u00a0Dan Andersson-veckan facebook.com\/dananderssonveckan Instagram\u00a0Dan Andersson-veckan instagram.com\/dananderssonveckan\/ Skattl\u00f6sberg Bygdegille skattlosberg.se Dan Andersson S\u00e4llskapet danasallskapet.se Facebook Dan Andersson S\u00e4llskapet facebook.com\/danasallskap Visit Dalarna visitdalarna.se [&hellip;]\" \/>\n<meta property=\"og:url\" content=\"https:\/\/dananderssonveckan.com\/fi\/ota-yhteytta\/\" \/>\n<meta property=\"og:site_name\" content=\"Dan Anderssonveckan\" \/>\n<meta property=\"article:modified_time\" content=\"2024-04-05T17:26:34+00:00\" \/>\n<meta name=\"twitter:card\" content=\"summary_large_image\" \/>\n<meta name=\"twitter:label1\" content=\"Arvioitu lukuaika\" \/>\n\t<meta name=\"twitter:data1\" content=\"2 minuuttia\" \/>\n<script type=\"application\/ld+json\" class=\"yoast-schema-graph\">{\"@context\":\"https:\/\/schema.org\",\"@graph\":[{\"@type\":\"WebPage\",\"@id\":\"https:\/\/dananderssonveckan.com\/fi\/ota-yhteytta\/\",\"url\":\"https:\/\/dananderssonveckan.com\/fi\/ota-yhteytta\/\",\"name\":\"Ota yhteytt\u00e4 - Dan Anderssonveckan\",\"isPartOf\":{\"@id\":\"https:\/\/dananderssonveckan.com\/#website\"},\"datePublished\":\"2022-10-12T13:09:11+00:00\",\"dateModified\":\"2024-04-05T17:26:34+00:00\",\"breadcrumb\":{\"@id\":\"https:\/\/dananderssonveckan.com\/fi\/ota-yhteytta\/#breadcrumb\"},\"inLanguage\":\"fi\",\"potentialAction\":[{\"@type\":\"ReadAction\",\"target\":[\"https:\/\/dananderssonveckan.com\/fi\/ota-yhteytta\/\"]}]},{\"@type\":\"BreadcrumbList\",\"@id\":\"https:\/\/dananderssonveckan.com\/fi\/ota-yhteytta\/#breadcrumb\",\"itemListElement\":[{\"@type\":\"ListItem\",\"position\":1,\"name\":\"Home\",\"item\":\"https:\/\/dananderssonveckan.com\/\"},{\"@type\":\"ListItem\",\"position\":2,\"name\":\"Ota yhteytt\u00e4\"}]},{\"@type\":\"WebSite\",\"@id\":\"https:\/\/dananderssonveckan.com\/#website\",\"url\":\"https:\/\/dananderssonveckan.com\/\",\"name\":\"Dan Anderssonveckan\",\"description\":\"Kulturdagar i Ludvikabygden\",\"potentialAction\":[{\"@type\":\"SearchAction\",\"target\":{\"@type\":\"EntryPoint\",\"urlTemplate\":\"https:\/\/dananderssonveckan.com\/?s={search_term_string}\"},\"query-input\":{\"@type\":\"PropertyValueSpecification\",\"valueRequired\":true,\"valueName\":\"search_term_string\"}}],\"inLanguage\":\"fi\"}]}<\/script>\n<!-- \/ Yoast SEO plugin. -->","yoast_head_json":{"title":"Ota yhteytt\u00e4 - Dan Anderssonveckan","robots":{"index":"index","follow":"follow","max-snippet":"max-snippet:-1","max-image-preview":"max-image-preview:large","max-video-preview":"max-video-preview:-1"},"canonical":"https:\/\/dananderssonveckan.com\/fi\/ota-yhteytta\/","og_locale":"fi_FI","og_type":"article","og_title":"Ota yhteytt\u00e4 - Dan Anderssonveckan","og_description":"Ota yhteytt\u00e4Dan Andersson Museo K\u00e4ynti- ja postiosoite: Engelbrektsgatan 6 771 30 Ludvika Puhelin: 072-221 00 16 S\u00e4hk\u00f6posti: danmuseet@gmail.com Verkkosivu: danasallskapet.seLuossastuganSkattl\u00f6sbergs bygdegille S\u00e4hk\u00f6posti: skattlosberg@hotmail.comVerkkosivu: www.skattlosberg.seLudvika Kommun Kultur- och samh\u00e4llsutvecklingsf\u00f6rvaltningen Puhelin: 0240-860 00 S\u00e4hk\u00f6posti: kultur.samhallsutveckling@ludvika.seVerkkosivu: ludvika.seLINKKIVINKIT: Facebook\u00a0Dan Andersson-veckan facebook.com\/dananderssonveckan Instagram\u00a0Dan Andersson-veckan instagram.com\/dananderssonveckan\/ Skattl\u00f6sberg Bygdegille skattlosberg.se Dan Andersson S\u00e4llskapet danasallskapet.se Facebook Dan Andersson S\u00e4llskapet facebook.com\/danasallskap Visit Dalarna visitdalarna.se [&hellip;]","og_url":"https:\/\/dananderssonveckan.com\/fi\/ota-yhteytta\/","og_site_name":"Dan Anderssonveckan","article_modified_time":"2024-04-05T17:26:34+00:00","twitter_card":"summary_large_image","twitter_misc":{"Arvioitu lukuaika":"2 minuuttia"},"schema":{"@context":"https:\/\/schema.org","@graph":[{"@type":"WebPage","@id":"https:\/\/dananderssonveckan.com\/fi\/ota-yhteytta\/","url":"https:\/\/dananderssonveckan.com\/fi\/ota-yhteytta\/","name":"Ota yhteytt\u00e4 - Dan Anderssonveckan","isPartOf":{"@id":"https:\/\/dananderssonveckan.com\/#website"},"datePublished":"2022-10-12T13:09:11+00:00","dateModified":"2024-04-05T17:26:34+00:00","breadcrumb":{"@id":"https:\/\/dananderssonveckan.com\/fi\/ota-yhteytta\/#breadcrumb"},"inLanguage":"fi","potentialAction":[{"@type":"ReadAction","target":["https:\/\/dananderssonveckan.com\/fi\/ota-yhteytta\/"]}]},{"@type":"BreadcrumbList","@id":"https:\/\/dananderssonveckan.com\/fi\/ota-yhteytta\/#breadcrumb","itemListElement":[{"@type":"ListItem","position":1,"name":"Home","item":"https:\/\/dananderssonveckan.com\/"},{"@type":"ListItem","position":2,"name":"Ota yhteytt\u00e4"}]},{"@type":"WebSite","@id":"https:\/\/dananderssonveckan.com\/#website","url":"https:\/\/dananderssonveckan.com\/","name":"Dan Anderssonveckan","description":"Kulturdagar i Ludvikabygden","potentialAction":[{"@type":"SearchAction","target":{"@type":"EntryPoint","urlTemplate":"https:\/\/dananderssonveckan.com\/?s={search_term_string}"},"query-input":{"@type":"PropertyValueSpecification","valueRequired":true,"valueName":"search_term_string"}}],"inLanguage":"fi"}]}},"_links":{"self":[{"href":"https:\/\/dananderssonveckan.com\/fi\/wp-json\/wp\/v2\/pages\/2093","targetHints":{"allow":["GET"]}}],"collection":[{"href":"https:\/\/dananderssonveckan.com\/fi\/wp-json\/wp\/v2\/pages"}],"about":[{"href":"https:\/\/dananderssonveckan.com\/fi\/wp-json\/wp\/v2\/types\/page"}],"author":[{"embeddable":true,"href":"https:\/\/dananderssonveckan.com\/fi\/wp-json\/wp\/v2\/users\/1"}],"replies":[{"embeddable":true,"href":"https:\/\/dananderssonveckan.com\/fi\/wp-json\/wp\/v2\/comments?post=2093"}],"version-history":[{"count":7,"href":"https:\/\/dananderssonveckan.com\/fi\/wp-json\/wp\/v2\/pages\/2093\/revisions"}],"predecessor-version":[{"id":2634,"href":"https:\/\/dananderssonveckan.com\/fi\/wp-json\/wp\/v2\/pages\/2093\/revisions\/2634"}],"wp:attachment":[{"href":"https:\/\/dananderssonveckan.com\/fi\/wp-json\/wp\/v2\/media?parent=2093"}],"curies":[{"name":"wp","href":"https:\/\/api.w.org\/{rel}","templated":true}]}}